{"id":12676,"date":"2022-11-15T08:19:46","date_gmt":"2022-11-15T08:19:46","guid":{"rendered":"https:\/\/www.imv-imaging.com\/a-propos\/about-imv-imaging\/"},"modified":"2023-03-14T09:14:02","modified_gmt":"2023-03-14T09:14:02","slug":"about-imv-imaging","status":"publish","type":"page","link":"https:\/\/www.imv-imaging.com\/fr\/a-propos\/about-imv-imaging\/","title":{"rendered":"\u00c0 propos de IMV imaging"},"content":{"rendered":"\n<div class=\"wp-block-columns is-layout-flex wp-container-core-columns-is-layout-1 wp-block-columns-is-layout-flex\">\n<div class=\"wp-block-column is-layout-flow wp-block-column-is-layout-flow\"><div class=\"breadcrumbs align  wp-block-bcn-breadcrumb-trail has-text-color has-background\" vocab=\"https:\/\/schema.org\/\" typeof=\"BreadcrumbList\">\n\t<span><\/span>\n\t<span property=\"itemListElement\" typeof=\"ListItem\"><a property=\"item\" typeof=\"WebPage\" title=\"Aller \u00e0 IMV imaging.\" href=\"https:\/\/www.imv-imaging.com\/fr\/\" class=\"home\" ><span property=\"name\">IMV imaging<\/span><\/a><meta property=\"position\" content=\"1\"><\/span><span class=\"separator\">\u203a<\/span><span property=\"itemListElement\" typeof=\"ListItem\"><a property=\"item\" typeof=\"WebPage\" title=\"Go to Nouvelles\" href=\"https:\/\/www.imv-imaging.com\/fr\/nouvelles\/\" class=\"post-root post post-post\" aria-current=\"page\"><span property=\"name\">Nouvelles<\/span><\/a><meta property=\"position\" content=\"2\"><\/span><\/div>\n<\/div>\n\n\n\n<div class=\"wp-block-column is-layout-flow wp-block-column-is-layout-flow\">\r\n<div class=\"pageSelect\">\r\n            <page-select\r\n            :options='[{\"title\":\"Biotechnologies de la reproduction\",\"href\":\"https:\\\/\\\/www.imv-imaging.com\\\/fr\\\/a-propos\\\/biotechnologies-de-la-reproduction\\\/\"},{\"title\":\"Histoire\",\"href\":\"https:\\\/\\\/www.imv-imaging.com\\\/fr\\\/a-propos\\\/histoire\\\/\"},{\"title\":\"Liste des partenaires autoris\u00e9s\",\"href\":\"https:\\\/\\\/www.imv-imaging.com\\\/fr\\\/a-propos\\\/liste-des-partenaires-autorises\\\/\"},{\"title\":\"Partenaires autoris\u00e9s\",\"href\":\"https:\\\/\\\/www.imv-imaging.com\\\/fr\\\/a-propos\\\/partenaires-autorises\\\/\"},{\"title\":\"Rencontrez l\\u0027\u00e9quipe\",\"href\":\"https:\\\/\\\/www.imv-imaging.com\\\/fr\\\/a-propos\\\/rencontrez-lequipe\\\/\"}]'\r\n            placeholder='Explore About Us'\r\n        ><\/page-select>\r\n    <\/div>\r\n<\/div>\n<\/div>\n\n\n\r\n<div class=\"textEditor contentBlock\">\r\n    <div class=\"textEditor__textContent\">\r\n        \r\n                    <div class=\"textEditor__content\">\r\n                <h1 style=\"text-align: center;\"><strong>\u00c0 propos de IMV imaging<\/strong><\/h1>\n            <\/div>\r\n            <\/div>\r\n\r\n    <\/div>\r\n\r\n\n\n\r\n<div\r\n    class=\"\r\n        textAndImage\r\n        contentBlock\r\n         reverse                    \"\r\n     data-aos=\"fade-up\"\r\n>\r\n    <div class=\"textAndImage__textContent\">\r\n        \r\n                    <h2 class=\"textAndImage__heading\">\r\n                Des \u00e9chographes innovants et \u00e9volutifs             <\/h2>\r\n        \r\n                    <div class=\"textAndImage__description\">\r\n                <p>Faisant partie du groupe IMV Technologies, IMV imaging est le leader de l\u2019imagerie v\u00e9t\u00e9rinaire. Anciennement connu sous les noms de BCF Technology et ECM (Echo Control Medical), nous avons 40 ans d\u2019exp\u00e9rience dans la conception et le domaine de l\u2019\u00e9chographie v\u00e9t\u00e9rinaire. Avec une industrie v\u00e9t\u00e9rinaire en constante \u00e9volution, nous continuons \u00e0 consacrer notre activit\u00e9 et d\u00e9dions nos \u00e9quipes \u00e0 fournir le meilleur \u00e9quipement possible ainsi qu\u2019\u00e0 apporter les conseils, les connaissances, le support client et technique les plus innovants et les meilleurs possibles.<\/p>\n            <\/div>\r\n        \r\n            <\/div>\r\n\r\n    <div class=\"textAndImage__mediaContainer image\">\r\n                    \r\n            <img decoding=\"async\"\r\n                class=\"textAndImage__image\"\r\n                src=\"https:\/\/www.imv-imaging.com\/wp-content\/uploads\/2023\/03\/IntroductiontoCardiacUltrasound-1-768x615.jpg\"\r\n                alt=\"\"\r\n                style=\"object-position: ; object-fit: \"\r\n                loading=\"lazy\"\r\n            \/>\r\n\r\n                        <\/div>\r\n<\/div>\r\n\n\n\r\n<div\r\n    class=\"\r\n        textAndImage\r\n        contentBlock\r\n                            \"\r\n     data-aos=\"fade-up\"\r\n>\r\n    <div class=\"textAndImage__textContent\">\r\n        \r\n                    <h2 class=\"textAndImage__heading\">\r\n                Nos solutions cl\u00e9s            <\/h2>\r\n        \r\n                    <div class=\"textAndImage__description\">\r\n                <p>Tous nos appareils sont con\u00e7us par nos \u00e9quipes d\u2019ing\u00e9nieurs et fabriqu\u00e9s dans nos ateliers. Nous sommes sp\u00e9cialis\u00e9s dans le mat\u00e9riel d\u2019\u00e9chographie, une technologie robuste, fiable et pens\u00e9 pour faire face aux environnements exigeants en \u00e9levage comme en clinique v\u00e9t\u00e9rinaire.<\/p>\n            <\/div>\r\n        \r\n            <\/div>\r\n\r\n    <div class=\"textAndImage__mediaContainer image\">\r\n                    \r\n            <img decoding=\"async\"\r\n                class=\"textAndImage__image\"\r\n                src=\"https:\/\/www.imv-imaging.com\/wp-content\/uploads\/2022\/12\/May-27-IMV-Social-Media-041-1-768x512.jpg\"\r\n                alt=\"\"\r\n                style=\"object-position: ; object-fit: \"\r\n                loading=\"lazy\"\r\n            \/>\r\n\r\n                        <\/div>\r\n<\/div>\r\n\n\n\r\n<div\r\n    class=\"\r\n        textAndImage\r\n        contentBlock\r\n                 backgroundImage            \"\r\n     data-aos=\"fade-up\"\r\n>\r\n    <div class=\"textAndImage__textContent\">\r\n        \r\n                    <h2 class=\"textAndImage__heading\">\r\n                Pionniers de l\u2019\u00e9chographie v\u00e9t\u00e9rinaire            <\/h2>\r\n        \r\n                    <div class=\"textAndImage__description\">\r\n                <p>Depuis 40 ans, notre \u00e9quipe grandissante d\u2019experts travaille en collaboration avec nos clients et notre r\u00e9seau mondial de fournisseurs et de distributeurs sp\u00e9cialis\u00e9s dans le soin animalier pour s\u2019assurer que nous fournissons les meilleurs produits et services pour l\u2019industrie v\u00e9t\u00e9rinaire. Toutes nos \u00e9quipes concentrent leur effort pour rester \u00e0 l\u2019avant-garde du diagnostic \u00e9chographique.<\/p>\n            <\/div>\r\n        \r\n            <\/div>\r\n\r\n    <div class=\"textAndImage__mediaContainer image\">\r\n                    \r\n            <img decoding=\"async\"\r\n                class=\"textAndImage__image\"\r\n                src=\"https:\/\/www.imv-imaging.com\/wp-content\/uploads\/2023\/01\/Jun-29-IMV-Social-Media-18.jpg\"\r\n                alt=\"\"\r\n                style=\"object-position: ; object-fit: \"\r\n                loading=\"lazy\"\r\n            \/>\r\n\r\n                            <div class=\"textAndImage__imageOverlay\"><\/div>\r\n                        <\/div>\r\n<\/div>\r\n\n\n\r\n<div\r\n    class=\"threeImages contentBlock additionalSpacing\"\r\n    data-aos=\"fade-up\"\r\n>\r\n    <div class=\"threeImages__textContent\">\r\n                    <div class=\"threeImages__label h6\" style=\"color: #52689A;\">\r\n                Partage de connaissances            <\/div>\r\n        \r\n                    <h2 class=\"threeImages__heading\">\r\n                Nous ne cessons jamais d\u2019apprendre. R\u00e9aliser et interpr\u00e9ter des images \u00e9chographiques n\u00e9cessitent des comp\u00e9tences et de la confiance. Le partage des connaissances est un \u00e9l\u00e9ment essentiel du support fourni par IMV imaging.             <\/h2>\r\n            <\/div>\r\n\r\n    <\/div>\r\n\n\n\r\n<div class=\"infoBlocks contentBlock\">\r\n            <div class=\"infoBlocks__item\">\r\n            <div class=\"infoBlocks__itemInner\">\r\n                <fa\r\n                    class=\"infoBlocks__itemIcon icon\"\r\n                    icon=\"fa-regular fa-user-shield\"\r\n                    style=\"color: #ffffff\"\r\n                ><\/fa>\r\n\r\n                <h2 class=\"infoBlocks__itemHeading\">\r\n                    La vision IMV                <\/h2>\r\n\r\n                <p class=\"infoBlocks__itemDescription\">\r\n                    Nous sommes tr\u00e8s fiers de notre approche transparente et simple. Nous cr\u00e9ons \u00e9galement un environnement de travail agr\u00e9able, ce qui nous a permis de cr\u00e9er des \u00e9quipes dynamiques et engag\u00e9es. Nous nous engageons \u00e0 \u00e9tablir des relations \u00e0 long terme avec nos clients, en offrant la bonne solution et les bons conseils en fonction des besoins de nos clients, tout au long de leur carri\u00e8re.\r\n                <\/p>\r\n            <\/div>\r\n        <\/div>\r\n    <\/div>\r\n","protected":false},"excerpt":{"rendered":"","protected":false},"author":2,"featured_media":0,"parent":3463,"menu_order":14,"comment_status":"closed","ping_status":"closed","template":"page-templates\/content_page.php","meta":{"_acf_changed":false,"content-type":"","ep_exclude_from_search":false,"footnotes":""},"class_list":["post-12676","page","type-page","status-publish","hentry"],"acf":[],"yoast_head":"<!-- This site is optimized with the Yoast SEO Premium plugin v26.0 (Yoast SEO v26.8) - https:\/\/yoast.com\/product\/yoast-seo-premium-wordpress\/ -->\n<title>\u00c0 propos de IMV imaging | IMV imaging<\/title>\n<meta name=\"description\" content=\"\u00c0 propos de IMV imaging. IMV imaging are the premier supplier of animal imaging equipment for veterinary use.\" \/>\n<meta name=\"robots\" content=\"index, follow, max-snippet:-1, max-image-preview:large, max-video-preview:-1\" \/>\n<link rel=\"canonical\" href=\"https:\/\/www.imv-imaging.com\/fr\/a-propos\/about-imv-imaging\/\" \/>\n<meta property=\"og:locale\" content=\"fr_FR\" \/>\n<meta property=\"og:type\" content=\"article\" \/>\n<meta property=\"og:title\" content=\"\u00c0 propos de IMV imaging\" \/>\n<meta property=\"og:description\" content=\"\u00c0 propos de IMV imaging. IMV imaging are the premier supplier of animal imaging equipment for veterinary use.\" \/>\n<meta property=\"og:url\" content=\"https:\/\/www.imv-imaging.com\/fr\/a-propos\/about-imv-imaging\/\" \/>\n<meta property=\"og:site_name\" content=\"IMV imaging\" \/>\n<meta property=\"article:publisher\" content=\"https:\/\/www.facebook.com\/imvimaging.northamerica\/\" \/>\n<meta property=\"article:modified_time\" content=\"2023-03-14T09:14:02+00:00\" \/>\n<meta property=\"og:image\" content=\"https:\/\/www.imv-imaging.com\/wp-content\/uploads\/2023\/01\/viewcloud-logo-large.jpg\" \/>\n\t<meta property=\"og:image:width\" content=\"770\" \/>\n\t<meta property=\"og:image:height\" content=\"400\" \/>\n\t<meta property=\"og:image:type\" content=\"image\/jpeg\" \/>\n<meta name=\"twitter:card\" content=\"summary_large_image\" \/>\n<meta name=\"twitter:site\" content=\"@IMVimaging\" \/>\n<script type=\"application\/ld+json\" class=\"yoast-schema-graph\">{\"@context\":\"https:\/\/schema.org\",\"@graph\":[{\"@type\":\"WebPage\",\"@id\":\"https:\/\/www.imv-imaging.com\/fr\/a-propos\/about-imv-imaging\/\",\"url\":\"https:\/\/www.imv-imaging.com\/fr\/a-propos\/about-imv-imaging\/\",\"name\":\"\u00c0 propos de IMV imaging | IMV imaging\",\"isPartOf\":{\"@id\":\"https:\/\/www.imv-imaging.com\/fr\/#website\"},\"datePublished\":\"2022-11-15T08:19:46+00:00\",\"dateModified\":\"2023-03-14T09:14:02+00:00\",\"description\":\"\u00c0 propos de IMV imaging. IMV imaging are the premier supplier of animal imaging equipment for veterinary use.\",\"breadcrumb\":{\"@id\":\"https:\/\/www.imv-imaging.com\/fr\/a-propos\/about-imv-imaging\/#breadcrumb\"},\"inLanguage\":\"fr-FR\",\"potentialAction\":[{\"@type\":\"ReadAction\",\"target\":[\"https:\/\/www.imv-imaging.com\/fr\/a-propos\/about-imv-imaging\/\"]}]},{\"@type\":\"BreadcrumbList\",\"@id\":\"https:\/\/www.imv-imaging.com\/fr\/a-propos\/about-imv-imaging\/#breadcrumb\",\"itemListElement\":[{\"@type\":\"ListItem\",\"position\":1,\"name\":\"Accueil\",\"item\":\"https:\/\/www.imv-imaging.com\/fr\/\"},{\"@type\":\"ListItem\",\"position\":2,\"name\":\"A propos de nous\",\"item\":\"https:\/\/www.imv-imaging.com\/fr\/a-propos\/\"},{\"@type\":\"ListItem\",\"position\":3,\"name\":\"\u00c0 propos de IMV imaging\"}]},{\"@type\":\"WebSite\",\"@id\":\"https:\/\/www.imv-imaging.com\/fr\/#website\",\"url\":\"https:\/\/www.imv-imaging.com\/fr\/\",\"name\":\"IMV Imaging\",\"description\":\"More than just imaging\",\"publisher\":{\"@id\":\"https:\/\/www.imv-imaging.com\/fr\/#organization\"},\"potentialAction\":[{\"@type\":\"SearchAction\",\"target\":{\"@type\":\"EntryPoint\",\"urlTemplate\":\"https:\/\/www.imv-imaging.com\/fr\/?s={search_term_string}\"},\"query-input\":{\"@type\":\"PropertyValueSpecification\",\"valueRequired\":true,\"valueName\":\"search_term_string\"}}],\"inLanguage\":\"fr-FR\"},{\"@type\":\"Organization\",\"@id\":\"https:\/\/www.imv-imaging.com\/fr\/#organization\",\"name\":\"IMV Imaging\",\"url\":\"https:\/\/www.imv-imaging.com\/fr\/\",\"logo\":{\"@type\":\"ImageObject\",\"inLanguage\":\"fr-FR\",\"@id\":\"https:\/\/www.imv-imaging.com\/fr\/#\/schema\/logo\/image\/\",\"url\":\"https:\/\/www.imv-imaging.com\/wp-content\/uploads\/2023\/01\/viewcloud-logo-large.jpg\",\"contentUrl\":\"https:\/\/www.imv-imaging.com\/wp-content\/uploads\/2023\/01\/viewcloud-logo-large.jpg\",\"width\":770,\"height\":400,\"caption\":\"IMV Imaging\"},\"image\":{\"@id\":\"https:\/\/www.imv-imaging.com\/fr\/#\/schema\/logo\/image\/\"},\"sameAs\":[\"https:\/\/www.facebook.com\/imvimaging.northamerica\/\",\"https:\/\/x.com\/IMVimaging\",\"https:\/\/www.linkedin.com\/company\/imv-imaging\/\",\"https:\/\/www.youtube.com\/channel\/UCM294Ky6760YOaPsiuS2-Dg\",\"https:\/\/www.instagram.com\/imv.imaging\/\"]}]}<\/script>\n<!-- \/ Yoast SEO Premium plugin. -->","yoast_head_json":{"title":"\u00c0 propos de IMV imaging | IMV imaging","description":"\u00c0 propos de IMV imaging. IMV imaging are the premier supplier of animal imaging equipment for veterinary use.","robots":{"index":"index","follow":"follow","max-snippet":"max-snippet:-1","max-image-preview":"max-image-preview:large","max-video-preview":"max-video-preview:-1"},"canonical":"https:\/\/www.imv-imaging.com\/fr\/a-propos\/about-imv-imaging\/","og_locale":"fr_FR","og_type":"article","og_title":"\u00c0 propos de IMV imaging","og_description":"\u00c0 propos de IMV imaging. IMV imaging are the premier supplier of animal imaging equipment for veterinary use.","og_url":"https:\/\/www.imv-imaging.com\/fr\/a-propos\/about-imv-imaging\/","og_site_name":"IMV imaging","article_publisher":"https:\/\/www.facebook.com\/imvimaging.northamerica\/","article_modified_time":"2023-03-14T09:14:02+00:00","og_image":[{"width":770,"height":400,"url":"https:\/\/www.imv-imaging.com\/wp-content\/uploads\/2023\/01\/viewcloud-logo-large.jpg","type":"image\/jpeg"}],"twitter_card":"summary_large_image","twitter_site":"@IMVimaging","schema":{"@context":"https:\/\/schema.org","@graph":[{"@type":"WebPage","@id":"https:\/\/www.imv-imaging.com\/fr\/a-propos\/about-imv-imaging\/","url":"https:\/\/www.imv-imaging.com\/fr\/a-propos\/about-imv-imaging\/","name":"\u00c0 propos de IMV imaging | IMV imaging","isPartOf":{"@id":"https:\/\/www.imv-imaging.com\/fr\/#website"},"datePublished":"2022-11-15T08:19:46+00:00","dateModified":"2023-03-14T09:14:02+00:00","description":"\u00c0 propos de IMV imaging. IMV imaging are the premier supplier of animal imaging equipment for veterinary use.","breadcrumb":{"@id":"https:\/\/www.imv-imaging.com\/fr\/a-propos\/about-imv-imaging\/#breadcrumb"},"inLanguage":"fr-FR","potentialAction":[{"@type":"ReadAction","target":["https:\/\/www.imv-imaging.com\/fr\/a-propos\/about-imv-imaging\/"]}]},{"@type":"BreadcrumbList","@id":"https:\/\/www.imv-imaging.com\/fr\/a-propos\/about-imv-imaging\/#breadcrumb","itemListElement":[{"@type":"ListItem","position":1,"name":"Accueil","item":"https:\/\/www.imv-imaging.com\/fr\/"},{"@type":"ListItem","position":2,"name":"A propos de nous","item":"https:\/\/www.imv-imaging.com\/fr\/a-propos\/"},{"@type":"ListItem","position":3,"name":"\u00c0 propos de IMV imaging"}]},{"@type":"WebSite","@id":"https:\/\/www.imv-imaging.com\/fr\/#website","url":"https:\/\/www.imv-imaging.com\/fr\/","name":"IMV Imaging","description":"More than just imaging","publisher":{"@id":"https:\/\/www.imv-imaging.com\/fr\/#organization"},"potentialAction":[{"@type":"SearchAction","target":{"@type":"EntryPoint","urlTemplate":"https:\/\/www.imv-imaging.com\/fr\/?s={search_term_string}"},"query-input":{"@type":"PropertyValueSpecification","valueRequired":true,"valueName":"search_term_string"}}],"inLanguage":"fr-FR"},{"@type":"Organization","@id":"https:\/\/www.imv-imaging.com\/fr\/#organization","name":"IMV Imaging","url":"https:\/\/www.imv-imaging.com\/fr\/","logo":{"@type":"ImageObject","inLanguage":"fr-FR","@id":"https:\/\/www.imv-imaging.com\/fr\/#\/schema\/logo\/image\/","url":"https:\/\/www.imv-imaging.com\/wp-content\/uploads\/2023\/01\/viewcloud-logo-large.jpg","contentUrl":"https:\/\/www.imv-imaging.com\/wp-content\/uploads\/2023\/01\/viewcloud-logo-large.jpg","width":770,"height":400,"caption":"IMV Imaging"},"image":{"@id":"https:\/\/www.imv-imaging.com\/fr\/#\/schema\/logo\/image\/"},"sameAs":["https:\/\/www.facebook.com\/imvimaging.northamerica\/","https:\/\/x.com\/IMVimaging","https:\/\/www.linkedin.com\/company\/imv-imaging\/","https:\/\/www.youtube.com\/channel\/UCM294Ky6760YOaPsiuS2-Dg","https:\/\/www.instagram.com\/imv.imaging\/"]}]}},"_links":{"self":[{"href":"https:\/\/www.imv-imaging.com\/fr\/wp-json\/wp\/v2\/pages\/12676","targetHints":{"allow":["GET"]}}],"collection":[{"href":"https:\/\/www.imv-imaging.com\/fr\/wp-json\/wp\/v2\/pages"}],"about":[{"href":"https:\/\/www.imv-imaging.com\/fr\/wp-json\/wp\/v2\/types\/page"}],"author":[{"embeddable":true,"href":"https:\/\/www.imv-imaging.com\/fr\/wp-json\/wp\/v2\/users\/2"}],"replies":[{"embeddable":true,"href":"https:\/\/www.imv-imaging.com\/fr\/wp-json\/wp\/v2\/comments?post=12676"}],"version-history":[{"count":0,"href":"https:\/\/www.imv-imaging.com\/fr\/wp-json\/wp\/v2\/pages\/12676\/revisions"}],"up":[{"embeddable":true,"href":"https:\/\/www.imv-imaging.com\/fr\/wp-json\/wp\/v2\/pages\/3463"}],"wp:attachment":[{"href":"https:\/\/www.imv-imaging.com\/fr\/wp-json\/wp\/v2\/media?parent=12676"}],"curies":[{"name":"wp","href":"https:\/\/api.w.org\/{rel}","templated":true}]}}