{"id":14850,"date":"2022-06-23T16:22:51","date_gmt":"2022-06-23T16:22:51","guid":{"rendered":"https:\/\/www.imv-imaging.com\/contact-us\/"},"modified":"2023-07-24T07:47:17","modified_gmt":"2023-07-24T07:47:17","slug":"contactez-nous","status":"publish","type":"page","link":"https:\/\/www.imv-imaging.com\/fr\/contactez-nous\/","title":{"rendered":"Contactez-nous"},"content":{"rendered":"<div class=\"breadcrumbs align  wp-block-bcn-breadcrumb-trail has-text-color has-background\" vocab=\"https:\/\/schema.org\/\" typeof=\"BreadcrumbList\">\n\t<span><\/span>\n\t<span property=\"itemListElement\" typeof=\"ListItem\"><a property=\"item\" typeof=\"WebPage\" title=\"Aller \u00e0 IMV imaging.\" href=\"https:\/\/www.imv-imaging.com\/fr\/\" class=\"home\" ><span property=\"name\">IMV imaging<\/span><\/a><meta property=\"position\" content=\"1\"><\/span><span class=\"separator\">\u203a<\/span><span property=\"itemListElement\" typeof=\"ListItem\"><a property=\"item\" typeof=\"WebPage\" title=\"Go to Nouvelles\" href=\"https:\/\/www.imv-imaging.com\/fr\/nouvelles\/\" class=\"post-root post post-post\" aria-current=\"page\"><span property=\"name\">Nouvelles<\/span><\/a><meta property=\"position\" content=\"2\"><\/span><\/div>\n\n\n\r\n<div class=\"textEditor contentBlock\">\r\n    <div class=\"textEditor__textContent\">\r\n        \r\n                    <div class=\"textEditor__content\">\r\n                <h2 style=\"text-align: center;\">Contactez-nous<\/h2>\n<p style=\"text-align: center;\">N\u2019h\u00e9sitez pas \u00e0 nous contacter pour toutes informations, questions, demande de d\u00e9mo \u2026 nous serons ravis de vous r\u00e9pondre rapidement<\/p>\n            <\/div>\r\n            <\/div>\r\n\r\n    <\/div>\r\n\r\n\n\n\n\t\t\t\t\t\t<component is=\"script\">\n\t\t\t\t\t\t\twindow.hsFormsOnReady = window.hsFormsOnReady || [];\n\t\t\t\t\t\t\twindow.hsFormsOnReady.push(()=>{\n\t\t\t\t\t\t\t\thbspt.forms.create({\n\t\t\t\t\t\t\t\t\tportalId: 7971300,\n\t\t\t\t\t\t\t\t\tformId: \"af3af1ee-4831-49e2-9419-41594cd57a6a\",\n\t\t\t\t\t\t\t\t\ttarget: \"#hbspt-form-1775736027000-2235890743\",\n\t\t\t\t\t\t\t\t\tregion: \"na1\",\n\t\t\t\t\t\t\t\t\t\n\t\t\t\t\t\t\t})});\n\t\t\t\t\t\t<\/component>\n\t\t\t\t\t\t<div class=\"hbspt-form\" id=\"hbspt-form-1775736027000-2235890743\"><\/div>\n\n\n\r\n<div class=\"addressesBlock\">\r\n    <div class=\"addressesBlock__inner\">\r\n        \r\n            <div class=\"addressesBlock__item\">\r\n                                    <div class=\"addressesBlock__itemTitle h6\">\r\n                        IMV imaging France                    <\/div>\r\n                \r\n                                    <div class=\"addressesBlock__itemRow\">\r\n                        <fa\r\n                            class=\"addressesBlock__itemIcon addressesBlock__itemIcon--md\"\r\n                            icon=\"fa-regular fa-location-dot\"\r\n                        ><\/fa>\r\n\r\n                        <div class=\"addressesBlock__itemInner\">\r\n                            <address class=\"addressesBlock__itemAddress\">\r\n                                126, Boulevard de la R\u00e9publique, 16000 Angoul\u00eame, France                            <\/address>\r\n                        <\/div>\r\n                    <\/div>\r\n                \r\n                                    <div class=\"addressesBlock__itemRow\">\r\n                        <fa\r\n                            class=\"addressesBlock__itemIcon addressesBlock__itemIcon--sm\"\r\n                            icon=\"fa-regular fa-phone-flip\"\r\n                        ><\/fa>\r\n\r\n                        <div class=\"addressesBlock__itemInner\">\r\n                            \r\n                            <a\r\n                                class=\"addressesBlock__itemPhone\"\r\n                                href=\"tel:+33545920357\"\r\n                            >\r\n                                +33(0)5 45 92 03 57                            <\/a>\r\n                        <\/div>\r\n                    <\/div>\r\n                \r\n                                    <div class=\"addressesBlock__itemRow\">\r\n                        <fa\r\n                            class=\"addressesBlock__itemIcon addressesBlock__itemIcon--sm\"\r\n                            icon=\"fa-regular fa-clock\"\r\n                        ><\/fa>\r\n\r\n                        <div class=\"addressesBlock__itemInner\">\r\n                            <p class=\"addressesBlock__itemWorkingHours\">\r\n                                En semaine de 8h \u00e0 18h                            <\/p>\r\n\r\n                                                    <\/div>\r\n                    <\/div>\r\n                            <\/div>\r\n            <\/div>\r\n<\/div>\r\n","protected":false},"excerpt":{"rendered":"","protected":false},"author":2,"featured_media":58026,"parent":0,"menu_order":61,"comment_status":"closed","ping_status":"closed","template":"","meta":{"_acf_changed":false,"content-type":"","ep_exclude_from_search":false,"footnotes":""},"class_list":["post-14850","page","type-page","status-publish","has-post-thumbnail","hentry"],"acf":[],"yoast_head":"<!-- This site is optimized with the Yoast SEO Premium plugin v26.0 (Yoast SEO v26.8) - https:\/\/yoast.com\/product\/yoast-seo-premium-wordpress\/ -->\n<title>Contactez-nous | IMV imaging<\/title>\n<meta name=\"description\" content=\"Contactez-nous. IMV imaging are the premier supplier of animal imaging equipment for veterinary use.\" \/>\n<meta name=\"robots\" content=\"index, follow, max-snippet:-1, max-image-preview:large, max-video-preview:-1\" \/>\n<link rel=\"canonical\" href=\"https:\/\/www.imv-imaging.com\/fr\/contactez-nous\/\" \/>\n<meta property=\"og:locale\" content=\"fr_FR\" \/>\n<meta property=\"og:type\" content=\"article\" \/>\n<meta property=\"og:title\" content=\"Contactez-nous\" \/>\n<meta property=\"og:description\" content=\"Contactez-nous. IMV imaging are the premier supplier of animal imaging equipment for veterinary use.\" \/>\n<meta property=\"og:url\" content=\"https:\/\/www.imv-imaging.com\/fr\/contactez-nous\/\" \/>\n<meta property=\"og:site_name\" content=\"IMV imaging\" \/>\n<meta property=\"article:publisher\" content=\"https:\/\/www.facebook.com\/imvimaging.northamerica\/\" \/>\n<meta property=\"article:modified_time\" content=\"2023-07-24T07:47:17+00:00\" \/>\n<meta property=\"og:image\" content=\"https:\/\/www.imv-imaging.com\/wp-content\/uploads\/2024\/01\/Jun-29-IMV-Social-Media-129.jpg\" \/>\n\t<meta property=\"og:image:width\" content=\"2048\" \/>\n\t<meta property=\"og:image:height\" content=\"1366\" \/>\n\t<meta property=\"og:image:type\" content=\"image\/jpeg\" \/>\n<meta name=\"twitter:card\" content=\"summary_large_image\" \/>\n<meta name=\"twitter:site\" content=\"@IMVimaging\" \/>\n<meta name=\"twitter:label1\" content=\"Dur\u00e9e de lecture estim\u00e9e\" \/>\n\t<meta name=\"twitter:data1\" content=\"1 minute\" \/>\n<script type=\"application\/ld+json\" class=\"yoast-schema-graph\">{\"@context\":\"https:\/\/schema.org\",\"@graph\":[{\"@type\":\"WebPage\",\"@id\":\"https:\/\/www.imv-imaging.com\/fr\/contactez-nous\/\",\"url\":\"https:\/\/www.imv-imaging.com\/fr\/contactez-nous\/\",\"name\":\"Contactez-nous | IMV imaging\",\"isPartOf\":{\"@id\":\"https:\/\/www.imv-imaging.com\/fr\/#website\"},\"primaryImageOfPage\":{\"@id\":\"https:\/\/www.imv-imaging.com\/fr\/contactez-nous\/#primaryimage\"},\"image\":{\"@id\":\"https:\/\/www.imv-imaging.com\/fr\/contactez-nous\/#primaryimage\"},\"thumbnailUrl\":\"https:\/\/www.imv-imaging.com\/wp-content\/uploads\/2024\/01\/Jun-29-IMV-Social-Media-129.jpg\",\"datePublished\":\"2022-06-23T16:22:51+00:00\",\"dateModified\":\"2023-07-24T07:47:17+00:00\",\"description\":\"Contactez-nous. IMV imaging are the premier supplier of animal imaging equipment for veterinary use.\",\"breadcrumb\":{\"@id\":\"https:\/\/www.imv-imaging.com\/fr\/contactez-nous\/#breadcrumb\"},\"inLanguage\":\"fr-FR\",\"potentialAction\":[{\"@type\":\"ReadAction\",\"target\":[\"https:\/\/www.imv-imaging.com\/fr\/contactez-nous\/\"]}]},{\"@type\":\"ImageObject\",\"inLanguage\":\"fr-FR\",\"@id\":\"https:\/\/www.imv-imaging.com\/fr\/contactez-nous\/#primaryimage\",\"url\":\"https:\/\/www.imv-imaging.com\/wp-content\/uploads\/2024\/01\/Jun-29-IMV-Social-Media-129.jpg\",\"contentUrl\":\"https:\/\/www.imv-imaging.com\/wp-content\/uploads\/2024\/01\/Jun-29-IMV-Social-Media-129.jpg\",\"width\":2048,\"height\":1366,\"caption\":\"IMV Head Office, Bellshill, Scotland\"},{\"@type\":\"BreadcrumbList\",\"@id\":\"https:\/\/www.imv-imaging.com\/fr\/contactez-nous\/#breadcrumb\",\"itemListElement\":[{\"@type\":\"ListItem\",\"position\":1,\"name\":\"Accueil\",\"item\":\"https:\/\/www.imv-imaging.com\/fr\/\"},{\"@type\":\"ListItem\",\"position\":2,\"name\":\"Contactez-nous\"}]},{\"@type\":\"WebSite\",\"@id\":\"https:\/\/www.imv-imaging.com\/fr\/#website\",\"url\":\"https:\/\/www.imv-imaging.com\/fr\/\",\"name\":\"IMV Imaging\",\"description\":\"More than just imaging\",\"publisher\":{\"@id\":\"https:\/\/www.imv-imaging.com\/fr\/#organization\"},\"potentialAction\":[{\"@type\":\"SearchAction\",\"target\":{\"@type\":\"EntryPoint\",\"urlTemplate\":\"https:\/\/www.imv-imaging.com\/fr\/?s={search_term_string}\"},\"query-input\":{\"@type\":\"PropertyValueSpecification\",\"valueRequired\":true,\"valueName\":\"search_term_string\"}}],\"inLanguage\":\"fr-FR\"},{\"@type\":\"Organization\",\"@id\":\"https:\/\/www.imv-imaging.com\/fr\/#organization\",\"name\":\"IMV Imaging\",\"url\":\"https:\/\/www.imv-imaging.com\/fr\/\",\"logo\":{\"@type\":\"ImageObject\",\"inLanguage\":\"fr-FR\",\"@id\":\"https:\/\/www.imv-imaging.com\/fr\/#\/schema\/logo\/image\/\",\"url\":\"https:\/\/www.imv-imaging.com\/wp-content\/uploads\/2023\/01\/viewcloud-logo-large.jpg\",\"contentUrl\":\"https:\/\/www.imv-imaging.com\/wp-content\/uploads\/2023\/01\/viewcloud-logo-large.jpg\",\"width\":770,\"height\":400,\"caption\":\"IMV Imaging\"},\"image\":{\"@id\":\"https:\/\/www.imv-imaging.com\/fr\/#\/schema\/logo\/image\/\"},\"sameAs\":[\"https:\/\/www.facebook.com\/imvimaging.northamerica\/\",\"https:\/\/x.com\/IMVimaging\",\"https:\/\/www.linkedin.com\/company\/imv-imaging\/\",\"https:\/\/www.youtube.com\/channel\/UCM294Ky6760YOaPsiuS2-Dg\",\"https:\/\/www.instagram.com\/imv.imaging\/\"]}]}<\/script>\n<!-- \/ Yoast SEO Premium plugin. -->","yoast_head_json":{"title":"Contactez-nous | IMV imaging","description":"Contactez-nous. IMV imaging are the premier supplier of animal imaging equipment for veterinary use.","robots":{"index":"index","follow":"follow","max-snippet":"max-snippet:-1","max-image-preview":"max-image-preview:large","max-video-preview":"max-video-preview:-1"},"canonical":"https:\/\/www.imv-imaging.com\/fr\/contactez-nous\/","og_locale":"fr_FR","og_type":"article","og_title":"Contactez-nous","og_description":"Contactez-nous. IMV imaging are the premier supplier of animal imaging equipment for veterinary use.","og_url":"https:\/\/www.imv-imaging.com\/fr\/contactez-nous\/","og_site_name":"IMV imaging","article_publisher":"https:\/\/www.facebook.com\/imvimaging.northamerica\/","article_modified_time":"2023-07-24T07:47:17+00:00","og_image":[{"width":2048,"height":1366,"url":"https:\/\/www.imv-imaging.com\/wp-content\/uploads\/2024\/01\/Jun-29-IMV-Social-Media-129.jpg","type":"image\/jpeg"}],"twitter_card":"summary_large_image","twitter_site":"@IMVimaging","twitter_misc":{"Dur\u00e9e de lecture estim\u00e9e":"1 minute"},"schema":{"@context":"https:\/\/schema.org","@graph":[{"@type":"WebPage","@id":"https:\/\/www.imv-imaging.com\/fr\/contactez-nous\/","url":"https:\/\/www.imv-imaging.com\/fr\/contactez-nous\/","name":"Contactez-nous | IMV imaging","isPartOf":{"@id":"https:\/\/www.imv-imaging.com\/fr\/#website"},"primaryImageOfPage":{"@id":"https:\/\/www.imv-imaging.com\/fr\/contactez-nous\/#primaryimage"},"image":{"@id":"https:\/\/www.imv-imaging.com\/fr\/contactez-nous\/#primaryimage"},"thumbnailUrl":"https:\/\/www.imv-imaging.com\/wp-content\/uploads\/2024\/01\/Jun-29-IMV-Social-Media-129.jpg","datePublished":"2022-06-23T16:22:51+00:00","dateModified":"2023-07-24T07:47:17+00:00","description":"Contactez-nous. IMV imaging are the premier supplier of animal imaging equipment for veterinary use.","breadcrumb":{"@id":"https:\/\/www.imv-imaging.com\/fr\/contactez-nous\/#breadcrumb"},"inLanguage":"fr-FR","potentialAction":[{"@type":"ReadAction","target":["https:\/\/www.imv-imaging.com\/fr\/contactez-nous\/"]}]},{"@type":"ImageObject","inLanguage":"fr-FR","@id":"https:\/\/www.imv-imaging.com\/fr\/contactez-nous\/#primaryimage","url":"https:\/\/www.imv-imaging.com\/wp-content\/uploads\/2024\/01\/Jun-29-IMV-Social-Media-129.jpg","contentUrl":"https:\/\/www.imv-imaging.com\/wp-content\/uploads\/2024\/01\/Jun-29-IMV-Social-Media-129.jpg","width":2048,"height":1366,"caption":"IMV Head Office, Bellshill, Scotland"},{"@type":"BreadcrumbList","@id":"https:\/\/www.imv-imaging.com\/fr\/contactez-nous\/#breadcrumb","itemListElement":[{"@type":"ListItem","position":1,"name":"Accueil","item":"https:\/\/www.imv-imaging.com\/fr\/"},{"@type":"ListItem","position":2,"name":"Contactez-nous"}]},{"@type":"WebSite","@id":"https:\/\/www.imv-imaging.com\/fr\/#website","url":"https:\/\/www.imv-imaging.com\/fr\/","name":"IMV Imaging","description":"More than just imaging","publisher":{"@id":"https:\/\/www.imv-imaging.com\/fr\/#organization"},"potentialAction":[{"@type":"SearchAction","target":{"@type":"EntryPoint","urlTemplate":"https:\/\/www.imv-imaging.com\/fr\/?s={search_term_string}"},"query-input":{"@type":"PropertyValueSpecification","valueRequired":true,"valueName":"search_term_string"}}],"inLanguage":"fr-FR"},{"@type":"Organization","@id":"https:\/\/www.imv-imaging.com\/fr\/#organization","name":"IMV Imaging","url":"https:\/\/www.imv-imaging.com\/fr\/","logo":{"@type":"ImageObject","inLanguage":"fr-FR","@id":"https:\/\/www.imv-imaging.com\/fr\/#\/schema\/logo\/image\/","url":"https:\/\/www.imv-imaging.com\/wp-content\/uploads\/2023\/01\/viewcloud-logo-large.jpg","contentUrl":"https:\/\/www.imv-imaging.com\/wp-content\/uploads\/2023\/01\/viewcloud-logo-large.jpg","width":770,"height":400,"caption":"IMV Imaging"},"image":{"@id":"https:\/\/www.imv-imaging.com\/fr\/#\/schema\/logo\/image\/"},"sameAs":["https:\/\/www.facebook.com\/imvimaging.northamerica\/","https:\/\/x.com\/IMVimaging","https:\/\/www.linkedin.com\/company\/imv-imaging\/","https:\/\/www.youtube.com\/channel\/UCM294Ky6760YOaPsiuS2-Dg","https:\/\/www.instagram.com\/imv.imaging\/"]}]}},"_links":{"self":[{"href":"https:\/\/www.imv-imaging.com\/fr\/wp-json\/wp\/v2\/pages\/14850","targetHints":{"allow":["GET"]}}],"collection":[{"href":"https:\/\/www.imv-imaging.com\/fr\/wp-json\/wp\/v2\/pages"}],"about":[{"href":"https:\/\/www.imv-imaging.com\/fr\/wp-json\/wp\/v2\/types\/page"}],"author":[{"embeddable":true,"href":"https:\/\/www.imv-imaging.com\/fr\/wp-json\/wp\/v2\/users\/2"}],"replies":[{"embeddable":true,"href":"https:\/\/www.imv-imaging.com\/fr\/wp-json\/wp\/v2\/comments?post=14850"}],"version-history":[{"count":0,"href":"https:\/\/www.imv-imaging.com\/fr\/wp-json\/wp\/v2\/pages\/14850\/revisions"}],"wp:featuredmedia":[{"embeddable":true,"href":"https:\/\/www.imv-imaging.com\/fr\/wp-json\/wp\/v2\/media\/58026"}],"wp:attachment":[{"href":"https:\/\/www.imv-imaging.com\/fr\/wp-json\/wp\/v2\/media?parent=14850"}],"curies":[{"name":"wp","href":"https:\/\/api.w.org\/{rel}","templated":true}]}}