{"id":18065,"date":"2022-11-22T09:40:42","date_gmt":"2022-11-22T09:40:42","guid":{"rendered":"https:\/\/www.imv-imaging.com\/?page_id=18065"},"modified":"2023-03-08T16:25:32","modified_gmt":"2023-03-08T16:25:32","slug":"partenaires-autorises","status":"publish","type":"page","link":"https:\/\/www.imv-imaging.com\/fr\/a-propos\/partenaires-autorises\/","title":{"rendered":"Partenaires autoris\u00e9s"},"content":{"rendered":"\n<div class=\"wp-block-columns is-layout-flex wp-container-core-columns-is-layout-1 wp-block-columns-is-layout-flex\">\n<div class=\"wp-block-column is-layout-flow wp-block-column-is-layout-flow\"><div class=\"breadcrumbs align  wp-block-bcn-breadcrumb-trail has-text-color has-background\" vocab=\"https:\/\/schema.org\/\" typeof=\"BreadcrumbList\">\n\t<span><\/span>\n\t<span property=\"itemListElement\" typeof=\"ListItem\"><a property=\"item\" typeof=\"WebPage\" title=\"Aller \u00e0 IMV imaging.\" href=\"https:\/\/www.imv-imaging.com\/fr\/\" class=\"home\" ><span property=\"name\">IMV imaging<\/span><\/a><meta property=\"position\" content=\"1\"><\/span><span class=\"separator\">\u203a<\/span><span property=\"itemListElement\" typeof=\"ListItem\"><a property=\"item\" typeof=\"WebPage\" title=\"Go to Nouvelles\" href=\"https:\/\/www.imv-imaging.com\/fr\/nouvelles\/\" class=\"post-root post post-post\" aria-current=\"page\"><span property=\"name\">Nouvelles<\/span><\/a><meta property=\"position\" content=\"2\"><\/span><\/div>\n<\/div>\n\n\n\n<div class=\"wp-block-column is-layout-flow wp-block-column-is-layout-flow\">\r\n<div class=\"pageSelect\">\r\n            <page-select\r\n            :options='[{\"title\":\"\u00c0 propos de IMV imaging\",\"href\":\"https:\\\/\\\/www.imv-imaging.com\\\/fr\\\/a-propos\\\/about-imv-imaging\\\/\"},{\"title\":\"Biotechnologies de la reproduction\",\"href\":\"https:\\\/\\\/www.imv-imaging.com\\\/fr\\\/a-propos\\\/biotechnologies-de-la-reproduction\\\/\"},{\"title\":\"Histoire\",\"href\":\"https:\\\/\\\/www.imv-imaging.com\\\/fr\\\/a-propos\\\/histoire\\\/\"},{\"title\":\"Liste des partenaires autoris\u00e9s\",\"href\":\"https:\\\/\\\/www.imv-imaging.com\\\/fr\\\/a-propos\\\/liste-des-partenaires-autorises\\\/\"},{\"title\":\"Rencontrez l\\u0027\u00e9quipe\",\"href\":\"https:\\\/\\\/www.imv-imaging.com\\\/fr\\\/a-propos\\\/rencontrez-lequipe\\\/\"}]'\r\n            placeholder='\u00c0 propos de nous'\r\n        ><\/page-select>\r\n    <\/div>\r\n<\/div>\n<\/div>\n\n\n\r\n\r\r\n<div class=\"\r\r\n    heroHome\r\r\n    \r\n    \r\n    \r\n    \r\n    \r\n\">\r\r\n    <div class=\"heroHome__inner\">\r\r\n        \r\n            <h1 class=\"heroHome__heading\">\r\r\n                Partenaires autoris\u00e9s\r\n            <\/h1>\r\r\n        \r\n\r\r\n        \r\n            <p class=\"heroHome__subheading\">\r\r\n                Nos partenaires sont une extension de nos activit\u00e9s et nous partageons ensemble la m\u00eame vision et les m\u00eames valeurs.\r\n            <\/p>\r\r\n        \r\n\r\r\n        \r\n\r\r\n        \r\n            <div class=\"heroHome__background\">\r\r\n                \r\n                    <img decoding=\"async\"\r\r\n                        class=\"heroHome__backgroundImage\"\r\r\n                        src=\"https:\/\/www.imv-imaging.com\/wp-content\/uploads\/2022\/12\/Jun-29-IMV-Social-Media-078.jpg\"\r\r\n                        style=\"object-position: \"\r\r\n loading=\"lazy\" \/>\r\r\n\r\r\n                    <div class=\"heroHome__backgroundOverlay\"><\/div>\r\r\n                \r\n            <\/div>\r\r\n        \r\n\r\r\n        \r\n    <\/div>\r\r\n<\/div>\r\r\n\n\n\r\n<div class=\"textEditor contentBlock\">\r\n    <div class=\"textEditor__textContent\">\r\n                    <div class=\"textEditor__label h6\" style=\"color: #DE735B;\">\r\n                Bienvenue            <\/div>\r\n        \r\n                    <div class=\"textEditor__content\">\r\n                <h3>Avec un nombre croissant de bureaux internationaux, IMV imaging travaille avec un r\u00e9seau mondial de partenaires autoris\u00e9s. Nos partenaires sont une extension de notre activit\u00e9 et nous partageons ensemble la m\u00eame vision et les m\u00eames valeurs.<\/h3>\n            <\/div>\r\n            <\/div>\r\n\r\n            <div class=\"textEditor__links \">\r\n                            <div class=\"textEditor__linkContainer\">\r\n                                                                        <a\r\n                                class=\"textEditor__link btn btn--md btn--primary\"\r\n                                href=\"\/fr\/a-propos\/liste-des-partenaires-autorises\/\">\r\n                                Voir la carte des partenaires autoris\u00e9s                            <\/a>\r\n                                                            <\/div>\r\n                    <\/div>\r\n    <\/div>\r\n\r\n\n\n\r\n<div class=\"textEditor contentBlock additionalSpacing\">\r\n    <div class=\"textEditor__textContent\">\r\n        \r\n                    <div class=\"textEditor__content\">\r\n                <h4>Nous travaillons ensemble en \u00e9troite collaboration et nous soutenons nos partenaires quotidiennement pour nous assurer que leurs clients re\u00e7oivent le m\u00eame service auquel ils s\u2019attendraient s\u2019ils achetaient directement chez IMV imaging.<\/h4>\n<p>Nous nous engageons pleinement \u00e0 soutenir nos partenaires et \u00e0 leur fournir les meilleures solutions possibles pour toutes les applications. Tous nos partenaires re\u00e7oivent une formation sur les produits, ainsi qu\u2019un support \u00e0 la formation de leurs clients. Ils re\u00e7oivent les outils commerciaux et marketing ainsi que le soutien n\u00e9cessaire pour contribuer \u00e0 la croissance de leur march\u00e9.<\/p>\n<p>Les clients de nos partenaires sont nos clients et nous sommes fiers de pouvoir offrir un service efficace et rapide ainsi que des garanties solides.<\/p>\n<p>Nous sommes des experts en \u00e9chographie et sommes fiers de fabriquer et de distribuer notre propre gamme de produits innovants. Nos \u00e9quipes de service client et de support vous assurent une pleine satisfaction client.<\/p>\n<p>Nos partenaires vendent des \u00e9chographes que nous concevons int\u00e9gralement et fabriquons dans nos ateliers.<\/p>\n            <\/div>\r\n            <\/div>\r\n\r\n    <\/div>\r\n\r\n\n\n\r\n<div\r\n    class=\"\r\n        textAndImage\r\n        contentBlock\r\n                 backgroundImage         additionalSpacing    \"\r\n     data-aos=\"fade-up\"\r\n>\r\n    <div class=\"textAndImage__textContent\">\r\n        \r\n        \r\n        \r\n            <\/div>\r\n\r\n    <div class=\"textAndImage__mediaContainer image\">\r\n                    \r\n            <img decoding=\"async\"\r\n                class=\"textAndImage__image\"\r\n                src=\"https:\/\/www.imv-imaging.com\/wp-content\/uploads\/2023\/01\/Authorised-Partners-Page.jpg\"\r\n                alt=\"\"\r\n                style=\"object-position: ; object-fit: \"\r\n                loading=\"lazy\"\r\n            \/>\r\n\r\n                            <div class=\"textAndImage__imageOverlay\"><\/div>\r\n                        <\/div>\r\n<\/div>\r\n\n\n\r\n<div class=\"textEditor contentBlock additionalSpacing\">\r\n    <div class=\"textEditor__textContent\">\r\n                    <div class=\"textEditor__label h6\" style=\"color: #DE735B;\">\r\n                Avantages pour les partenaires            <\/div>\r\n        \r\n                    <div class=\"textEditor__content\">\r\n                <h3>Avantages pour les partenaires IMV<\/h3>\n<p>IMV imaging est leader mondial dans le d\u00e9veloppement, la conception et la fabrication d\u2019\u00e9chographe v\u00e9t\u00e9rinaire. IMV imaging a plus de 35 ans d\u2019exp\u00e9rience dans l\u2019industrie v\u00e9t\u00e9rinaire et a \u00e9t\u00e9 \u00e0 l\u2019avant-garde de l\u2019am\u00e9lioration du soin et du bien-\u00eatre animal.<\/p>\n<p>Ce qui rend IMV imaging unique, est que notre activit\u00e9 est uniquement d\u00e9di\u00e9e \u00e0 soutenir le march\u00e9 animal. Les produits que nous concevons sont exclusivement fabriqu\u00e9s sur nos deux sites bas\u00e9s en France et en \u00c9cosse.<\/p>\n<p>Garantissant les produits les plus robustes, fiables et optimis\u00e9s du march\u00e9, chaque \u00e9chographe que nous concevons est cr\u00e9\u00e9 pour une esp\u00e8ce sp\u00e9cifique, une application clinique et l\u2019environnement pour lequel il est utilis\u00e9.<\/p>\n<p>Nous sommes une entreprise progressiste et avant-gardiste qui place l\u2019innovation au c\u0153ur de tout ce que nous faisons. Nous soutenons continuellement nos collaborateurs \u00e0 penser librement, leur permettant de cr\u00e9er les solutions aux probl\u00e8mes de demain. Ce n\u2019est que lorsque nous investissons et adoptons de nouvelles technologies que nous pouvons faire une r\u00e9elle diff\u00e9rence dans les soins animaliers, maintenant et pour l\u2019avenir.<\/p>\n            <\/div>\r\n            <\/div>\r\n\r\n    <\/div>\r\n\r\n\n\n\r\n<div\r\n    class=\"\r\n        textAndImage\r\n        contentBlock\r\n         reverse                 additionalSpacing    \"\r\n     data-aos=\"fade-up\"\r\n>\r\n    <div class=\"textAndImage__textContent\">\r\n        \r\n                    <h2 class=\"textAndImage__heading\">\r\n                Pourquoi IMV imaging ?            <\/h2>\r\n        \r\n                    <div class=\"textAndImage__description\">\r\n                <p>Distribuer des produits pour les leaders mondiaux de l\u2019\u00e9chographie v\u00e9t\u00e9rinaire ; D\u00e9velopper continuellement un portefeuille de produits innovants et de pointe ; Collaborer avec une entreprise qui vous soutient vraiment avec un service client, une \u00e9quipe d\u2019ing\u00e9nieurs, du support technique, clinique et marketing.<\/p>\n<p>Devenez l\u2019un de nos partenaires \u00e0 succ\u00e8s. Inscrivez-vous d\u00e8s aujourd\u2019hui<\/p>\n            <\/div>\r\n        \r\n                    <div class=\"textAndImage__links\">\r\n                \r\n                    \r\n                                            <div class=\"textAndImage__linkContainer\">\r\n                            <a\r\n                                class=\"textAndImage__link btn btn--md btn--primary\"\r\n                                href=\"\/contact-us\/\"\r\n                                target=\"_blank\"                            >\r\n                                Contactez-nous                            <\/a>\r\n                        <\/div>\r\n                                                <\/div>\r\n            <\/div>\r\n\r\n    <div class=\"textAndImage__mediaContainer image\">\r\n                    \r\n            <img decoding=\"async\"\r\n                class=\"textAndImage__image\"\r\n                src=\"https:\/\/www.imv-imaging.com\/wp-content\/uploads\/2023\/01\/Jun-29-IMV-Social-Media-129-768x512.jpg\"\r\n                alt=\"\"\r\n                style=\"object-position: ; object-fit: \"\r\n                loading=\"lazy\"\r\n            \/>\r\n\r\n                        <\/div>\r\n<\/div>\r\n\n\n\r\n<div class=\"textEditor contentBlock additionalSpacing\">\r\n    <div class=\"textEditor__textContent\">\r\n                    <div class=\"textEditor__label h6\" style=\"color: #DE735B;\">\r\n                L\u2019histoire d\u2019IMV            <\/div>\r\n        \r\n                    <div class=\"textEditor__content\">\r\n                <h3>IMV imaging fonctionne avec un r\u00e9seau mondial de partenaires autoris\u00e9s.<\/h3>\n<p>Faisant partie du groupe IMV Technologies, IMV imaging est leader en \u00e9chographie v\u00e9t\u00e9rinaire. Auparavant connu sous les noms de BCF Technology et ECM (Echo Control Medical), nous nous sommes engag\u00e9s \u00e0 aider nos clients \u00e0 am\u00e9liorer les soins animaliers depuis plus de 35 ans. Avec une \u00e9quipe de plus de 500 personnes, nous nous engageons \u00e0 respecter nos valeurs fondamentales de partenariat, d\u2019innovation et d\u2019apprentissage. Nous nous engageons \u00e9galement \u00e0 fournir le meilleur \u00e9quipement, conseils, apprentissage, service client et soutien technique.<\/p>\n<p>&nbsp;<\/p>\n<p>Nous sommes sp\u00e9cialistes en \u00e9chographie v\u00e9t\u00e9rinaire, une technologie robuste, fiable et construite pour faire face \u00e0 l\u2019environnement exigeant de la ferme ou du cabinet v\u00e9t\u00e9rinaire.<\/p>\n<p>&nbsp;<\/p>\n<p>Avec un nombre croissant de bureaux internationaux, IMV imaging travaille avec un r\u00e9seau mondial de partenaires autoris\u00e9s. Un grand nombre de nos partenaires travaillent avec nous depuis de nombreuses ann\u00e9es et nous sommes convaincus qu\u2019ils refl\u00e8tent notre vision et nos valeurs.<\/p>\n<p>&nbsp;<\/p>\n<p>Nous travaillons en \u00e9troite collaboration avec nos partenaires et nous assurons que leurs clients re\u00e7oivent le meilleur niveau de service et de formation sur nos produits.<\/p>\n            <\/div>\r\n            <\/div>\r\n\r\n    <\/div>\r\n\r\n\n\n\r\n<div\r\n    class=\"\r\n        textAndImage\r\n        contentBlock\r\n                 backgroundImage            \"\r\n     data-aos=\"fade-up\"\r\n>\r\n    <div class=\"textAndImage__textContent\">\r\n        \r\n                    <h2 class=\"textAndImage__heading\">\r\n                Nous travaillons en \u00e9troite collaboration avec nos partenaires et les soutenons chaque jour pour nous assurer que leurs clients re\u00e7oivent le m\u00eame service que s\u2019ils achetaient directement chez IMV imaging.            <\/h2>\r\n        \r\n        \r\n                    <div class=\"textAndImage__links\">\r\n                \r\n                    \r\n                                            <div class=\"textAndImage__linkContainer\">\r\n                            <a\r\n                                class=\"textAndImage__link btn btn--md btn--primary\"\r\n                                href=\"\/a-propos\/liste-des-partenaires-autorises\/\"\r\n                                target=\"_blank\"                            >\r\n                                Voir les partenaires autoris\u00e9s                            <\/a>\r\n                        <\/div>\r\n                                                <\/div>\r\n            <\/div>\r\n\r\n    <div class=\"textAndImage__mediaContainer image\">\r\n                    \r\n            <img decoding=\"async\"\r\n                class=\"textAndImage__image\"\r\n                src=\"https:\/\/www.imv-imaging.com\/wp-content\/uploads\/2023\/01\/Jun-29-IMV-Social-Media-66.jpg\"\r\n                alt=\"\"\r\n                style=\"object-position: ; object-fit: \"\r\n                loading=\"lazy\"\r\n            \/>\r\n\r\n                            <div class=\"textAndImage__imageOverlay\"><\/div>\r\n                        <\/div>\r\n<\/div>\r\n","protected":false},"excerpt":{"rendered":"","protected":false},"author":2,"featured_media":0,"parent":3463,"menu_order":25,"comment_status":"closed","ping_status":"closed","template":"","meta":{"_acf_changed":false,"content-type":"","ep_exclude_from_search":false,"footnotes":""},"class_list":["post-18065","page","type-page","status-publish","hentry"],"acf":[],"yoast_head":"<!-- This site is optimized with the Yoast SEO Premium plugin v26.0 (Yoast SEO v26.8) - https:\/\/yoast.com\/product\/yoast-seo-premium-wordpress\/ -->\n<title>Partenaires autoris\u00e9s | IMV imaging<\/title>\n<meta name=\"description\" content=\"Partenaires autoris\u00e9s. IMV imaging are the premier supplier of animal imaging equipment for veterinary use.\" \/>\n<meta name=\"robots\" content=\"index, follow, max-snippet:-1, max-image-preview:large, max-video-preview:-1\" \/>\n<link rel=\"canonical\" href=\"https:\/\/www.imv-imaging.com\/fr\/a-propos\/partenaires-autorises\/\" \/>\n<meta property=\"og:locale\" content=\"fr_FR\" \/>\n<meta property=\"og:type\" content=\"article\" \/>\n<meta property=\"og:title\" content=\"Partenaires autoris\u00e9s\" \/>\n<meta property=\"og:description\" content=\"Partenaires autoris\u00e9s. IMV imaging are the premier supplier of animal imaging equipment for veterinary use.\" \/>\n<meta property=\"og:url\" content=\"https:\/\/www.imv-imaging.com\/fr\/a-propos\/partenaires-autorises\/\" \/>\n<meta property=\"og:site_name\" content=\"IMV imaging\" \/>\n<meta property=\"article:publisher\" content=\"https:\/\/www.facebook.com\/imvimaging.northamerica\/\" \/>\n<meta property=\"article:modified_time\" content=\"2023-03-08T16:25:32+00:00\" \/>\n<meta property=\"og:image\" content=\"https:\/\/www.imv-imaging.com\/wp-content\/uploads\/2023\/01\/viewcloud-logo-large.jpg\" \/>\n\t<meta property=\"og:image:width\" content=\"770\" \/>\n\t<meta property=\"og:image:height\" content=\"400\" \/>\n\t<meta property=\"og:image:type\" content=\"image\/jpeg\" \/>\n<meta name=\"twitter:card\" content=\"summary_large_image\" \/>\n<meta name=\"twitter:site\" content=\"@IMVimaging\" \/>\n<script type=\"application\/ld+json\" class=\"yoast-schema-graph\">{\"@context\":\"https:\/\/schema.org\",\"@graph\":[{\"@type\":\"WebPage\",\"@id\":\"https:\/\/www.imv-imaging.com\/fr\/a-propos\/partenaires-autorises\/\",\"url\":\"https:\/\/www.imv-imaging.com\/fr\/a-propos\/partenaires-autorises\/\",\"name\":\"Partenaires autoris\u00e9s | IMV imaging\",\"isPartOf\":{\"@id\":\"https:\/\/www.imv-imaging.com\/fr\/#website\"},\"datePublished\":\"2022-11-22T09:40:42+00:00\",\"dateModified\":\"2023-03-08T16:25:32+00:00\",\"description\":\"Partenaires autoris\u00e9s. IMV imaging are the premier supplier of animal imaging equipment for veterinary use.\",\"breadcrumb\":{\"@id\":\"https:\/\/www.imv-imaging.com\/fr\/a-propos\/partenaires-autorises\/#breadcrumb\"},\"inLanguage\":\"fr-FR\",\"potentialAction\":[{\"@type\":\"ReadAction\",\"target\":[\"https:\/\/www.imv-imaging.com\/fr\/a-propos\/partenaires-autorises\/\"]}]},{\"@type\":\"BreadcrumbList\",\"@id\":\"https:\/\/www.imv-imaging.com\/fr\/a-propos\/partenaires-autorises\/#breadcrumb\",\"itemListElement\":[{\"@type\":\"ListItem\",\"position\":1,\"name\":\"Accueil\",\"item\":\"https:\/\/www.imv-imaging.com\/fr\/\"},{\"@type\":\"ListItem\",\"position\":2,\"name\":\"A propos de nous\",\"item\":\"https:\/\/www.imv-imaging.com\/fr\/a-propos\/\"},{\"@type\":\"ListItem\",\"position\":3,\"name\":\"Partenaires autoris\u00e9s\"}]},{\"@type\":\"WebSite\",\"@id\":\"https:\/\/www.imv-imaging.com\/fr\/#website\",\"url\":\"https:\/\/www.imv-imaging.com\/fr\/\",\"name\":\"IMV Imaging\",\"description\":\"More than just imaging\",\"publisher\":{\"@id\":\"https:\/\/www.imv-imaging.com\/fr\/#organization\"},\"potentialAction\":[{\"@type\":\"SearchAction\",\"target\":{\"@type\":\"EntryPoint\",\"urlTemplate\":\"https:\/\/www.imv-imaging.com\/fr\/?s={search_term_string}\"},\"query-input\":{\"@type\":\"PropertyValueSpecification\",\"valueRequired\":true,\"valueName\":\"search_term_string\"}}],\"inLanguage\":\"fr-FR\"},{\"@type\":\"Organization\",\"@id\":\"https:\/\/www.imv-imaging.com\/fr\/#organization\",\"name\":\"IMV Imaging\",\"url\":\"https:\/\/www.imv-imaging.com\/fr\/\",\"logo\":{\"@type\":\"ImageObject\",\"inLanguage\":\"fr-FR\",\"@id\":\"https:\/\/www.imv-imaging.com\/fr\/#\/schema\/logo\/image\/\",\"url\":\"https:\/\/www.imv-imaging.com\/wp-content\/uploads\/2023\/01\/viewcloud-logo-large.jpg\",\"contentUrl\":\"https:\/\/www.imv-imaging.com\/wp-content\/uploads\/2023\/01\/viewcloud-logo-large.jpg\",\"width\":770,\"height\":400,\"caption\":\"IMV Imaging\"},\"image\":{\"@id\":\"https:\/\/www.imv-imaging.com\/fr\/#\/schema\/logo\/image\/\"},\"sameAs\":[\"https:\/\/www.facebook.com\/imvimaging.northamerica\/\",\"https:\/\/x.com\/IMVimaging\",\"https:\/\/www.linkedin.com\/company\/imv-imaging\/\",\"https:\/\/www.youtube.com\/channel\/UCM294Ky6760YOaPsiuS2-Dg\",\"https:\/\/www.instagram.com\/imv.imaging\/\"]}]}<\/script>\n<!-- \/ Yoast SEO Premium plugin. -->","yoast_head_json":{"title":"Partenaires autoris\u00e9s | IMV imaging","description":"Partenaires autoris\u00e9s. IMV imaging are the premier supplier of animal imaging equipment for veterinary use.","robots":{"index":"index","follow":"follow","max-snippet":"max-snippet:-1","max-image-preview":"max-image-preview:large","max-video-preview":"max-video-preview:-1"},"canonical":"https:\/\/www.imv-imaging.com\/fr\/a-propos\/partenaires-autorises\/","og_locale":"fr_FR","og_type":"article","og_title":"Partenaires autoris\u00e9s","og_description":"Partenaires autoris\u00e9s. IMV imaging are the premier supplier of animal imaging equipment for veterinary use.","og_url":"https:\/\/www.imv-imaging.com\/fr\/a-propos\/partenaires-autorises\/","og_site_name":"IMV imaging","article_publisher":"https:\/\/www.facebook.com\/imvimaging.northamerica\/","article_modified_time":"2023-03-08T16:25:32+00:00","og_image":[{"width":770,"height":400,"url":"https:\/\/www.imv-imaging.com\/wp-content\/uploads\/2023\/01\/viewcloud-logo-large.jpg","type":"image\/jpeg"}],"twitter_card":"summary_large_image","twitter_site":"@IMVimaging","schema":{"@context":"https:\/\/schema.org","@graph":[{"@type":"WebPage","@id":"https:\/\/www.imv-imaging.com\/fr\/a-propos\/partenaires-autorises\/","url":"https:\/\/www.imv-imaging.com\/fr\/a-propos\/partenaires-autorises\/","name":"Partenaires autoris\u00e9s | IMV imaging","isPartOf":{"@id":"https:\/\/www.imv-imaging.com\/fr\/#website"},"datePublished":"2022-11-22T09:40:42+00:00","dateModified":"2023-03-08T16:25:32+00:00","description":"Partenaires autoris\u00e9s. IMV imaging are the premier supplier of animal imaging equipment for veterinary use.","breadcrumb":{"@id":"https:\/\/www.imv-imaging.com\/fr\/a-propos\/partenaires-autorises\/#breadcrumb"},"inLanguage":"fr-FR","potentialAction":[{"@type":"ReadAction","target":["https:\/\/www.imv-imaging.com\/fr\/a-propos\/partenaires-autorises\/"]}]},{"@type":"BreadcrumbList","@id":"https:\/\/www.imv-imaging.com\/fr\/a-propos\/partenaires-autorises\/#breadcrumb","itemListElement":[{"@type":"ListItem","position":1,"name":"Accueil","item":"https:\/\/www.imv-imaging.com\/fr\/"},{"@type":"ListItem","position":2,"name":"A propos de nous","item":"https:\/\/www.imv-imaging.com\/fr\/a-propos\/"},{"@type":"ListItem","position":3,"name":"Partenaires autoris\u00e9s"}]},{"@type":"WebSite","@id":"https:\/\/www.imv-imaging.com\/fr\/#website","url":"https:\/\/www.imv-imaging.com\/fr\/","name":"IMV Imaging","description":"More than just imaging","publisher":{"@id":"https:\/\/www.imv-imaging.com\/fr\/#organization"},"potentialAction":[{"@type":"SearchAction","target":{"@type":"EntryPoint","urlTemplate":"https:\/\/www.imv-imaging.com\/fr\/?s={search_term_string}"},"query-input":{"@type":"PropertyValueSpecification","valueRequired":true,"valueName":"search_term_string"}}],"inLanguage":"fr-FR"},{"@type":"Organization","@id":"https:\/\/www.imv-imaging.com\/fr\/#organization","name":"IMV Imaging","url":"https:\/\/www.imv-imaging.com\/fr\/","logo":{"@type":"ImageObject","inLanguage":"fr-FR","@id":"https:\/\/www.imv-imaging.com\/fr\/#\/schema\/logo\/image\/","url":"https:\/\/www.imv-imaging.com\/wp-content\/uploads\/2023\/01\/viewcloud-logo-large.jpg","contentUrl":"https:\/\/www.imv-imaging.com\/wp-content\/uploads\/2023\/01\/viewcloud-logo-large.jpg","width":770,"height":400,"caption":"IMV Imaging"},"image":{"@id":"https:\/\/www.imv-imaging.com\/fr\/#\/schema\/logo\/image\/"},"sameAs":["https:\/\/www.facebook.com\/imvimaging.northamerica\/","https:\/\/x.com\/IMVimaging","https:\/\/www.linkedin.com\/company\/imv-imaging\/","https:\/\/www.youtube.com\/channel\/UCM294Ky6760YOaPsiuS2-Dg","https:\/\/www.instagram.com\/imv.imaging\/"]}]}},"_links":{"self":[{"href":"https:\/\/www.imv-imaging.com\/fr\/wp-json\/wp\/v2\/pages\/18065","targetHints":{"allow":["GET"]}}],"collection":[{"href":"https:\/\/www.imv-imaging.com\/fr\/wp-json\/wp\/v2\/pages"}],"about":[{"href":"https:\/\/www.imv-imaging.com\/fr\/wp-json\/wp\/v2\/types\/page"}],"author":[{"embeddable":true,"href":"https:\/\/www.imv-imaging.com\/fr\/wp-json\/wp\/v2\/users\/2"}],"replies":[{"embeddable":true,"href":"https:\/\/www.imv-imaging.com\/fr\/wp-json\/wp\/v2\/comments?post=18065"}],"version-history":[{"count":0,"href":"https:\/\/www.imv-imaging.com\/fr\/wp-json\/wp\/v2\/pages\/18065\/revisions"}],"up":[{"embeddable":true,"href":"https:\/\/www.imv-imaging.com\/fr\/wp-json\/wp\/v2\/pages\/3463"}],"wp:attachment":[{"href":"https:\/\/www.imv-imaging.com\/fr\/wp-json\/wp\/v2\/media?parent=18065"}],"curies":[{"name":"wp","href":"https:\/\/api.w.org\/{rel}","templated":true}]}}