{"id":19452,"date":"2023-01-10T10:36:16","date_gmt":"2023-01-10T10:36:16","guid":{"rendered":"https:\/\/www.imv-imaging.com\/?page_id=19452"},"modified":"2023-06-26T08:53:21","modified_gmt":"2023-06-26T08:53:21","slug":"service-assistance","status":"publish","type":"page","link":"https:\/\/www.imv-imaging.com\/fr\/service-assistance\/","title":{"rendered":"Service et support"},"content":{"rendered":"\r\n\r\r\n<div class=\"\r\r\n    heroHome\r\r\n    \r\n     smallHeight\r\n    \r\n    \r\n     heroHome--noImage\r\n\">\r\r\n    <div class=\"heroHome__inner\">\r\r\n        \r\n            <h1 class=\"heroHome__heading\">\r\r\n                Service client et Assistance\r\n            <\/h1>\r\r\n        \r\n\r\r\n        \r\n\r\r\n        \r\n\r\r\n        \r\n            <div class=\"heroHome__background\">\r\r\n                \r\n            <\/div>\r\r\n        \r\n\r\r\n        \r\n    <\/div>\r\r\n<\/div>\r\r\n\n\n\r\n<div class=\"textEditor contentBlock\">\r\n    <div class=\"textEditor__textContent\">\r\n        \r\n                    <div class=\"textEditor__content\">\r\n                <p>En cas de questions ou de probl\u00e8mes techniques, notre service client est \u00e0 votre enti\u00e8re \u00e9coute. Nous nous engageons \u00e0 vous apporter une assistance rapide et efficace.<\/p>\n<p>Les interventions et r\u00e9parations sont r\u00e9alis\u00e9es dans nos locaux \u00e0 Angoul\u00eame par notre \u00e9quipe de techniciens qualifi\u00e9s et sp\u00e9cialis\u00e9s.<\/p>\n<p>Vous pouvez remplir le formulaire ci-dessous afin d\u2019\u00eatre contact\u00e9 rapidement.<\/p>\n            <\/div>\r\n            <\/div>\r\n\r\n    <\/div>\r\n\r\n\n\n\n<div class=\"wp-block-leadin-hubspot-form-block\">\n\t\t\t\t\t\t<component is=\"script\">\n\t\t\t\t\t\t\twindow.hsFormsOnReady = window.hsFormsOnReady || [];\n\t\t\t\t\t\t\twindow.hsFormsOnReady.push(()=>{\n\t\t\t\t\t\t\t\thbspt.forms.create({\n\t\t\t\t\t\t\t\t\tportalId: 7971300,\n\t\t\t\t\t\t\t\t\tformId: \"d6eb0e14-6ed3-4564-b529-c7af4b2d10a3\",\n\t\t\t\t\t\t\t\t\ttarget: \"#hbspt-form-1775740986000-2885867609\",\n\t\t\t\t\t\t\t\t\tregion: \"na1\",\n\t\t\t\t\t\t\t\t\t\n\t\t\t\t\t\t\t})});\n\t\t\t\t\t\t<\/component>\n\t\t\t\t\t\t<div class=\"hbspt-form\" id=\"hbspt-form-1775740986000-2885867609\"><\/div><\/div>\n","protected":false},"excerpt":{"rendered":"","protected":false},"author":2,"featured_media":0,"parent":0,"menu_order":227,"comment_status":"closed","ping_status":"closed","template":"","meta":{"_acf_changed":false,"content-type":"","ep_exclude_from_search":true,"footnotes":""},"class_list":["post-19452","page","type-page","status-publish","hentry"],"acf":[],"yoast_head":"<!-- This site is optimized with the Yoast SEO Premium plugin v26.0 (Yoast SEO v26.8) - https:\/\/yoast.com\/product\/yoast-seo-premium-wordpress\/ -->\n<title>Service et support | IMV imaging<\/title>\n<meta name=\"description\" content=\"Service et support. IMV imaging Service client et Assistance\" \/>\n<meta name=\"robots\" content=\"index, follow, max-snippet:-1, max-image-preview:large, max-video-preview:-1\" \/>\n<link rel=\"canonical\" href=\"https:\/\/www.imv-imaging.com\/fr\/service-assistance\/\" \/>\n<meta property=\"og:locale\" content=\"fr_FR\" \/>\n<meta property=\"og:type\" content=\"article\" \/>\n<meta property=\"og:title\" content=\"Service et support\" \/>\n<meta property=\"og:description\" content=\"Service et support. IMV imaging Service client et Assistance\" \/>\n<meta property=\"og:url\" content=\"https:\/\/www.imv-imaging.com\/fr\/service-assistance\/\" \/>\n<meta property=\"og:site_name\" content=\"IMV imaging\" \/>\n<meta property=\"article:publisher\" content=\"https:\/\/www.facebook.com\/imvimaging.northamerica\/\" \/>\n<meta property=\"article:modified_time\" content=\"2023-06-26T08:53:21+00:00\" \/>\n<meta property=\"og:image\" content=\"https:\/\/www.imv-imaging.com\/wp-content\/uploads\/2023\/01\/viewcloud-logo-large.jpg\" \/>\n\t<meta property=\"og:image:width\" content=\"770\" \/>\n\t<meta property=\"og:image:height\" content=\"400\" \/>\n\t<meta property=\"og:image:type\" content=\"image\/jpeg\" \/>\n<meta name=\"twitter:card\" content=\"summary_large_image\" \/>\n<meta name=\"twitter:site\" content=\"@IMVimaging\" \/>\n<meta name=\"twitter:label1\" content=\"Dur\u00e9e de lecture estim\u00e9e\" \/>\n\t<meta name=\"twitter:data1\" content=\"1 minute\" \/>\n<script type=\"application\/ld+json\" class=\"yoast-schema-graph\">{\"@context\":\"https:\/\/schema.org\",\"@graph\":[{\"@type\":\"WebPage\",\"@id\":\"https:\/\/www.imv-imaging.com\/fr\/service-assistance\/\",\"url\":\"https:\/\/www.imv-imaging.com\/fr\/service-assistance\/\",\"name\":\"Service et support | IMV imaging\",\"isPartOf\":{\"@id\":\"https:\/\/www.imv-imaging.com\/fr\/#website\"},\"datePublished\":\"2023-01-10T10:36:16+00:00\",\"dateModified\":\"2023-06-26T08:53:21+00:00\",\"description\":\"Service et support. IMV imaging Service client et Assistance\",\"breadcrumb\":{\"@id\":\"https:\/\/www.imv-imaging.com\/fr\/service-assistance\/#breadcrumb\"},\"inLanguage\":\"fr-FR\",\"potentialAction\":[{\"@type\":\"ReadAction\",\"target\":[\"https:\/\/www.imv-imaging.com\/fr\/service-assistance\/\"]}]},{\"@type\":\"BreadcrumbList\",\"@id\":\"https:\/\/www.imv-imaging.com\/fr\/service-assistance\/#breadcrumb\",\"itemListElement\":[{\"@type\":\"ListItem\",\"position\":1,\"name\":\"Accueil\",\"item\":\"https:\/\/www.imv-imaging.com\/fr\/\"},{\"@type\":\"ListItem\",\"position\":2,\"name\":\"Service et support\"}]},{\"@type\":\"WebSite\",\"@id\":\"https:\/\/www.imv-imaging.com\/fr\/#website\",\"url\":\"https:\/\/www.imv-imaging.com\/fr\/\",\"name\":\"IMV Imaging\",\"description\":\"More than just imaging\",\"publisher\":{\"@id\":\"https:\/\/www.imv-imaging.com\/fr\/#organization\"},\"potentialAction\":[{\"@type\":\"SearchAction\",\"target\":{\"@type\":\"EntryPoint\",\"urlTemplate\":\"https:\/\/www.imv-imaging.com\/fr\/?s={search_term_string}\"},\"query-input\":{\"@type\":\"PropertyValueSpecification\",\"valueRequired\":true,\"valueName\":\"search_term_string\"}}],\"inLanguage\":\"fr-FR\"},{\"@type\":\"Organization\",\"@id\":\"https:\/\/www.imv-imaging.com\/fr\/#organization\",\"name\":\"IMV Imaging\",\"url\":\"https:\/\/www.imv-imaging.com\/fr\/\",\"logo\":{\"@type\":\"ImageObject\",\"inLanguage\":\"fr-FR\",\"@id\":\"https:\/\/www.imv-imaging.com\/fr\/#\/schema\/logo\/image\/\",\"url\":\"https:\/\/www.imv-imaging.com\/wp-content\/uploads\/2023\/01\/viewcloud-logo-large.jpg\",\"contentUrl\":\"https:\/\/www.imv-imaging.com\/wp-content\/uploads\/2023\/01\/viewcloud-logo-large.jpg\",\"width\":770,\"height\":400,\"caption\":\"IMV Imaging\"},\"image\":{\"@id\":\"https:\/\/www.imv-imaging.com\/fr\/#\/schema\/logo\/image\/\"},\"sameAs\":[\"https:\/\/www.facebook.com\/imvimaging.northamerica\/\",\"https:\/\/x.com\/IMVimaging\",\"https:\/\/www.linkedin.com\/company\/imv-imaging\/\",\"https:\/\/www.youtube.com\/channel\/UCM294Ky6760YOaPsiuS2-Dg\",\"https:\/\/www.instagram.com\/imv.imaging\/\"]}]}<\/script>\n<!-- \/ Yoast SEO Premium plugin. -->","yoast_head_json":{"title":"Service et support | IMV imaging","description":"Service et support. IMV imaging Service client et Assistance","robots":{"index":"index","follow":"follow","max-snippet":"max-snippet:-1","max-image-preview":"max-image-preview:large","max-video-preview":"max-video-preview:-1"},"canonical":"https:\/\/www.imv-imaging.com\/fr\/service-assistance\/","og_locale":"fr_FR","og_type":"article","og_title":"Service et support","og_description":"Service et support. IMV imaging Service client et Assistance","og_url":"https:\/\/www.imv-imaging.com\/fr\/service-assistance\/","og_site_name":"IMV imaging","article_publisher":"https:\/\/www.facebook.com\/imvimaging.northamerica\/","article_modified_time":"2023-06-26T08:53:21+00:00","og_image":[{"width":770,"height":400,"url":"https:\/\/www.imv-imaging.com\/wp-content\/uploads\/2023\/01\/viewcloud-logo-large.jpg","type":"image\/jpeg"}],"twitter_card":"summary_large_image","twitter_site":"@IMVimaging","twitter_misc":{"Dur\u00e9e de lecture estim\u00e9e":"1 minute"},"schema":{"@context":"https:\/\/schema.org","@graph":[{"@type":"WebPage","@id":"https:\/\/www.imv-imaging.com\/fr\/service-assistance\/","url":"https:\/\/www.imv-imaging.com\/fr\/service-assistance\/","name":"Service et support | IMV imaging","isPartOf":{"@id":"https:\/\/www.imv-imaging.com\/fr\/#website"},"datePublished":"2023-01-10T10:36:16+00:00","dateModified":"2023-06-26T08:53:21+00:00","description":"Service et support. IMV imaging Service client et Assistance","breadcrumb":{"@id":"https:\/\/www.imv-imaging.com\/fr\/service-assistance\/#breadcrumb"},"inLanguage":"fr-FR","potentialAction":[{"@type":"ReadAction","target":["https:\/\/www.imv-imaging.com\/fr\/service-assistance\/"]}]},{"@type":"BreadcrumbList","@id":"https:\/\/www.imv-imaging.com\/fr\/service-assistance\/#breadcrumb","itemListElement":[{"@type":"ListItem","position":1,"name":"Accueil","item":"https:\/\/www.imv-imaging.com\/fr\/"},{"@type":"ListItem","position":2,"name":"Service et support"}]},{"@type":"WebSite","@id":"https:\/\/www.imv-imaging.com\/fr\/#website","url":"https:\/\/www.imv-imaging.com\/fr\/","name":"IMV Imaging","description":"More than just imaging","publisher":{"@id":"https:\/\/www.imv-imaging.com\/fr\/#organization"},"potentialAction":[{"@type":"SearchAction","target":{"@type":"EntryPoint","urlTemplate":"https:\/\/www.imv-imaging.com\/fr\/?s={search_term_string}"},"query-input":{"@type":"PropertyValueSpecification","valueRequired":true,"valueName":"search_term_string"}}],"inLanguage":"fr-FR"},{"@type":"Organization","@id":"https:\/\/www.imv-imaging.com\/fr\/#organization","name":"IMV Imaging","url":"https:\/\/www.imv-imaging.com\/fr\/","logo":{"@type":"ImageObject","inLanguage":"fr-FR","@id":"https:\/\/www.imv-imaging.com\/fr\/#\/schema\/logo\/image\/","url":"https:\/\/www.imv-imaging.com\/wp-content\/uploads\/2023\/01\/viewcloud-logo-large.jpg","contentUrl":"https:\/\/www.imv-imaging.com\/wp-content\/uploads\/2023\/01\/viewcloud-logo-large.jpg","width":770,"height":400,"caption":"IMV Imaging"},"image":{"@id":"https:\/\/www.imv-imaging.com\/fr\/#\/schema\/logo\/image\/"},"sameAs":["https:\/\/www.facebook.com\/imvimaging.northamerica\/","https:\/\/x.com\/IMVimaging","https:\/\/www.linkedin.com\/company\/imv-imaging\/","https:\/\/www.youtube.com\/channel\/UCM294Ky6760YOaPsiuS2-Dg","https:\/\/www.instagram.com\/imv.imaging\/"]}]}},"_links":{"self":[{"href":"https:\/\/www.imv-imaging.com\/fr\/wp-json\/wp\/v2\/pages\/19452","targetHints":{"allow":["GET"]}}],"collection":[{"href":"https:\/\/www.imv-imaging.com\/fr\/wp-json\/wp\/v2\/pages"}],"about":[{"href":"https:\/\/www.imv-imaging.com\/fr\/wp-json\/wp\/v2\/types\/page"}],"author":[{"embeddable":true,"href":"https:\/\/www.imv-imaging.com\/fr\/wp-json\/wp\/v2\/users\/2"}],"replies":[{"embeddable":true,"href":"https:\/\/www.imv-imaging.com\/fr\/wp-json\/wp\/v2\/comments?post=19452"}],"version-history":[{"count":0,"href":"https:\/\/www.imv-imaging.com\/fr\/wp-json\/wp\/v2\/pages\/19452\/revisions"}],"wp:attachment":[{"href":"https:\/\/www.imv-imaging.com\/fr\/wp-json\/wp\/v2\/media?parent=19452"}],"curies":[{"name":"wp","href":"https:\/\/api.w.org\/{rel}","templated":true}]}}