{"id":19992,"date":"2022-11-16T10:40:00","date_gmt":"2022-11-16T10:40:00","guid":{"rendered":"https:\/\/www.imv-imaging.com\/a-propos\/biotechnologies-de-la-reproduction\/"},"modified":"2023-03-08T16:08:47","modified_gmt":"2023-03-08T16:08:47","slug":"biotechnologies-de-la-reproduction","status":"publish","type":"page","link":"https:\/\/www.imv-imaging.com\/fr\/a-propos\/biotechnologies-de-la-reproduction\/","title":{"rendered":"Biotechnologies de la reproduction"},"content":{"rendered":"\n<div class=\"wp-block-columns is-layout-flex wp-container-core-columns-is-layout-1 wp-block-columns-is-layout-flex\">\n<div class=\"wp-block-column is-layout-flow wp-block-column-is-layout-flow\"><div class=\"breadcrumbs align  wp-block-bcn-breadcrumb-trail has-text-color has-background\" vocab=\"https:\/\/schema.org\/\" typeof=\"BreadcrumbList\">\n\t<span><\/span>\n\t<span property=\"itemListElement\" typeof=\"ListItem\"><a property=\"item\" typeof=\"WebPage\" title=\"Aller \u00e0 IMV imaging.\" href=\"https:\/\/www.imv-imaging.com\/fr\/\" class=\"home\" ><span property=\"name\">IMV imaging<\/span><\/a><meta property=\"position\" content=\"1\"><\/span><span class=\"separator\">\u203a<\/span><span property=\"itemListElement\" typeof=\"ListItem\"><a property=\"item\" typeof=\"WebPage\" title=\"Go to Nouvelles\" href=\"https:\/\/www.imv-imaging.com\/fr\/nouvelles\/\" class=\"post-root post post-post\" aria-current=\"page\"><span property=\"name\">Nouvelles<\/span><\/a><meta property=\"position\" content=\"2\"><\/span><\/div>\n<\/div>\n\n\n\n<div class=\"wp-block-column is-layout-flow wp-block-column-is-layout-flow\">\r\n<div class=\"pageSelect\">\r\n            <page-select\r\n            :options='[{\"title\":\"\u00c0 propos de IMV imaging\",\"href\":\"https:\\\/\\\/www.imv-imaging.com\\\/fr\\\/a-propos\\\/about-imv-imaging\\\/\"},{\"title\":\"Histoire\",\"href\":\"https:\\\/\\\/www.imv-imaging.com\\\/fr\\\/a-propos\\\/histoire\\\/\"},{\"title\":\"Liste des partenaires autoris\u00e9s\",\"href\":\"https:\\\/\\\/www.imv-imaging.com\\\/fr\\\/a-propos\\\/liste-des-partenaires-autorises\\\/\"},{\"title\":\"Partenaires autoris\u00e9s\",\"href\":\"https:\\\/\\\/www.imv-imaging.com\\\/fr\\\/a-propos\\\/partenaires-autorises\\\/\"},{\"title\":\"Rencontrez l\\u0027\u00e9quipe\",\"href\":\"https:\\\/\\\/www.imv-imaging.com\\\/fr\\\/a-propos\\\/rencontrez-lequipe\\\/\"}]'\r\n            placeholder='Explorer \u00c0 propos de nous'\r\n        ><\/page-select>\r\n    <\/div>\r\n<\/div>\n<\/div>\n\n\n\r\n<div class=\"textEditor contentBlock\">\r\n    <div class=\"textEditor__textContent\">\r\n        \r\n                    <div class=\"textEditor__content\">\r\n                <h1 style=\"text-align: center;\">Le groupe IMV<\/h1>\n            <\/div>\r\n            <\/div>\r\n\r\n    <\/div>\r\n\r\n\n\n\r\n<div\r\n    class=\"\r\n        textAndImage\r\n        contentBlock\r\n                 backgroundImage            \"\r\n     data-aos=\"fade-up\"\r\n>\r\n    <div class=\"textAndImage__textContent\">\r\n        \r\n        \r\n        \r\n            <\/div>\r\n\r\n    <div class=\"textAndImage__mediaContainer image\">\r\n                    \r\n            <img decoding=\"async\"\r\n                class=\"textAndImage__image\"\r\n                src=\"https:\/\/www.imv-imaging.com\/wp-content\/uploads\/2022\/12\/IMV-April-13-Shoot-Social-Media-86.5.jpg\"\r\n                alt=\"\"\r\n                style=\"object-position: ; object-fit: \"\r\n                loading=\"lazy\"\r\n            \/>\r\n\r\n                            <div class=\"textAndImage__imageOverlay\"><\/div>\r\n                        <\/div>\r\n<\/div>\r\n\n\n\r\n<div class=\"textEditor contentBlock additionalSpacing\">\r\n    <div class=\"textEditor__textContent\">\r\n        \r\n                    <div class=\"textEditor__content\">\r\n                <h3>Votre g\u00e9n\u00e9tique est pr\u00e9cieuse. Nous la prot\u00e9geons.<\/h3>\n<p>IMV Technologies a \u00e9t\u00e9 fond\u00e9 en 1963 par l\u2019inventeur de la paillette bovine, M. Robert Cassou, et est d\u00e9sormais une soci\u00e9t\u00e9 internationale avec des filiales dans 8 pays. Aujourd\u2019hui, IMV Technologies intervient \u00e0 chaque \u00e9tape de la cha\u00eene d\u2019\u00e9levage des animaux de rente, mais aussi des canins, des salmonid\u00e9s et des chameaux : de la collecte de la semence au diagnostic de gestation. Notre objectif est d\u2019offrir des produits et services qui aideront les \u00e9leveurs \u00e0 atteindre un taux de f\u00e9condit\u00e9 optimal et \u00e0 am\u00e9liorer la qualit\u00e9 de la semence.<\/p>\n<p>Le groupe IMV Technologies est un acteur majeur dans le domaine des biotechnologies de la reproduction v\u00e9t\u00e9rinaire et m\u00e9dicale, avec IMV imaging sa division d\u00e9di\u00e9e \u00e0 l\u2019\u00e9chographie v\u00e9t\u00e9rinaire.<\/p>\n            <\/div>\r\n            <\/div>\r\n\r\n            <div class=\"textEditor__links \">\r\n                            <div class=\"textEditor__linkContainer\">\r\n                                                                        <a\r\n                                class=\"textEditor__link btn btn--md btn--primary\"\r\n                                href=\"\/fr\/about\/about-imv-imaging\">\r\n                                A propos d\u2019IMV imaging                            <\/a>\r\n                                                            <\/div>\r\n                            <div class=\"textEditor__linkContainer\">\r\n                                                                        <a\r\n                                class=\"textEditor__link btn btn--md btn--primary\"\r\n                                href=\"\/fr\/about\/meet-the-team\/\">\r\n                                L\u2019\u00e9quipe                            <\/a>\r\n                                                            <\/div>\r\n                            <div class=\"textEditor__linkContainer\">\r\n                                                                        <a\r\n                                class=\"textEditor__link btn btn--md btn--primary\"\r\n                                href=\"https:\/\/www.imv-technologies.com\/\">\r\n                                IMV Technologies                            <\/a>\r\n                                                            <\/div>\r\n                    <\/div>\r\n    <\/div>\r\n\r\n","protected":false},"excerpt":{"rendered":"","protected":false},"author":2,"featured_media":0,"parent":3463,"menu_order":213,"comment_status":"closed","ping_status":"closed","template":"","meta":{"_acf_changed":false,"content-type":"","ep_exclude_from_search":false,"footnotes":""},"class_list":["post-19992","page","type-page","status-publish","hentry"],"acf":[],"yoast_head":"<!-- This site is optimized with the Yoast SEO Premium plugin v26.0 (Yoast SEO v26.8) - https:\/\/yoast.com\/product\/yoast-seo-premium-wordpress\/ -->\n<title>Biotechnologies de la reproduction | IMV imaging<\/title>\n<meta name=\"description\" content=\"Biotechnologies de la reproduction. IMV imaging are the premier supplier of animal imaging equipment for veterinary use.\" \/>\n<meta name=\"robots\" content=\"index, follow, max-snippet:-1, max-image-preview:large, max-video-preview:-1\" \/>\n<link rel=\"canonical\" href=\"https:\/\/www.imv-imaging.com\/fr\/a-propos\/biotechnologies-de-la-reproduction\/\" \/>\n<meta property=\"og:locale\" content=\"fr_FR\" \/>\n<meta property=\"og:type\" content=\"article\" \/>\n<meta property=\"og:title\" content=\"Biotechnologies de la reproduction\" \/>\n<meta property=\"og:description\" content=\"Biotechnologies de la reproduction. IMV imaging are the premier supplier of animal imaging equipment for veterinary use.\" \/>\n<meta property=\"og:url\" content=\"https:\/\/www.imv-imaging.com\/fr\/a-propos\/biotechnologies-de-la-reproduction\/\" \/>\n<meta property=\"og:site_name\" content=\"IMV imaging\" \/>\n<meta property=\"article:publisher\" content=\"https:\/\/www.facebook.com\/imvimaging.northamerica\/\" \/>\n<meta property=\"article:modified_time\" content=\"2023-03-08T16:08:47+00:00\" \/>\n<meta property=\"og:image\" content=\"https:\/\/www.imv-imaging.com\/wp-content\/uploads\/2023\/01\/viewcloud-logo-large.jpg\" \/>\n\t<meta property=\"og:image:width\" content=\"770\" \/>\n\t<meta property=\"og:image:height\" content=\"400\" \/>\n\t<meta property=\"og:image:type\" content=\"image\/jpeg\" \/>\n<meta name=\"twitter:card\" content=\"summary_large_image\" \/>\n<meta name=\"twitter:site\" content=\"@IMVimaging\" \/>\n<script type=\"application\/ld+json\" class=\"yoast-schema-graph\">{\"@context\":\"https:\/\/schema.org\",\"@graph\":[{\"@type\":\"WebPage\",\"@id\":\"https:\/\/www.imv-imaging.com\/fr\/a-propos\/biotechnologies-de-la-reproduction\/\",\"url\":\"https:\/\/www.imv-imaging.com\/fr\/a-propos\/biotechnologies-de-la-reproduction\/\",\"name\":\"Biotechnologies de la reproduction | IMV imaging\",\"isPartOf\":{\"@id\":\"https:\/\/www.imv-imaging.com\/fr\/#website\"},\"datePublished\":\"2022-11-16T10:40:00+00:00\",\"dateModified\":\"2023-03-08T16:08:47+00:00\",\"description\":\"Biotechnologies de la reproduction. IMV imaging are the premier supplier of animal imaging equipment for veterinary use.\",\"breadcrumb\":{\"@id\":\"https:\/\/www.imv-imaging.com\/fr\/a-propos\/biotechnologies-de-la-reproduction\/#breadcrumb\"},\"inLanguage\":\"fr-FR\",\"potentialAction\":[{\"@type\":\"ReadAction\",\"target\":[\"https:\/\/www.imv-imaging.com\/fr\/a-propos\/biotechnologies-de-la-reproduction\/\"]}]},{\"@type\":\"BreadcrumbList\",\"@id\":\"https:\/\/www.imv-imaging.com\/fr\/a-propos\/biotechnologies-de-la-reproduction\/#breadcrumb\",\"itemListElement\":[{\"@type\":\"ListItem\",\"position\":1,\"name\":\"Accueil\",\"item\":\"https:\/\/www.imv-imaging.com\/fr\/\"},{\"@type\":\"ListItem\",\"position\":2,\"name\":\"A propos de nous\",\"item\":\"https:\/\/www.imv-imaging.com\/fr\/a-propos\/\"},{\"@type\":\"ListItem\",\"position\":3,\"name\":\"Biotechnologies de la reproduction\"}]},{\"@type\":\"WebSite\",\"@id\":\"https:\/\/www.imv-imaging.com\/fr\/#website\",\"url\":\"https:\/\/www.imv-imaging.com\/fr\/\",\"name\":\"IMV Imaging\",\"description\":\"More than just imaging\",\"publisher\":{\"@id\":\"https:\/\/www.imv-imaging.com\/fr\/#organization\"},\"potentialAction\":[{\"@type\":\"SearchAction\",\"target\":{\"@type\":\"EntryPoint\",\"urlTemplate\":\"https:\/\/www.imv-imaging.com\/fr\/?s={search_term_string}\"},\"query-input\":{\"@type\":\"PropertyValueSpecification\",\"valueRequired\":true,\"valueName\":\"search_term_string\"}}],\"inLanguage\":\"fr-FR\"},{\"@type\":\"Organization\",\"@id\":\"https:\/\/www.imv-imaging.com\/fr\/#organization\",\"name\":\"IMV Imaging\",\"url\":\"https:\/\/www.imv-imaging.com\/fr\/\",\"logo\":{\"@type\":\"ImageObject\",\"inLanguage\":\"fr-FR\",\"@id\":\"https:\/\/www.imv-imaging.com\/fr\/#\/schema\/logo\/image\/\",\"url\":\"https:\/\/www.imv-imaging.com\/wp-content\/uploads\/2023\/01\/viewcloud-logo-large.jpg\",\"contentUrl\":\"https:\/\/www.imv-imaging.com\/wp-content\/uploads\/2023\/01\/viewcloud-logo-large.jpg\",\"width\":770,\"height\":400,\"caption\":\"IMV Imaging\"},\"image\":{\"@id\":\"https:\/\/www.imv-imaging.com\/fr\/#\/schema\/logo\/image\/\"},\"sameAs\":[\"https:\/\/www.facebook.com\/imvimaging.northamerica\/\",\"https:\/\/x.com\/IMVimaging\",\"https:\/\/www.linkedin.com\/company\/imv-imaging\/\",\"https:\/\/www.youtube.com\/channel\/UCM294Ky6760YOaPsiuS2-Dg\",\"https:\/\/www.instagram.com\/imv.imaging\/\"]}]}<\/script>\n<!-- \/ Yoast SEO Premium plugin. -->","yoast_head_json":{"title":"Biotechnologies de la reproduction | IMV imaging","description":"Biotechnologies de la reproduction. IMV imaging are the premier supplier of animal imaging equipment for veterinary use.","robots":{"index":"index","follow":"follow","max-snippet":"max-snippet:-1","max-image-preview":"max-image-preview:large","max-video-preview":"max-video-preview:-1"},"canonical":"https:\/\/www.imv-imaging.com\/fr\/a-propos\/biotechnologies-de-la-reproduction\/","og_locale":"fr_FR","og_type":"article","og_title":"Biotechnologies de la reproduction","og_description":"Biotechnologies de la reproduction. IMV imaging are the premier supplier of animal imaging equipment for veterinary use.","og_url":"https:\/\/www.imv-imaging.com\/fr\/a-propos\/biotechnologies-de-la-reproduction\/","og_site_name":"IMV imaging","article_publisher":"https:\/\/www.facebook.com\/imvimaging.northamerica\/","article_modified_time":"2023-03-08T16:08:47+00:00","og_image":[{"width":770,"height":400,"url":"https:\/\/www.imv-imaging.com\/wp-content\/uploads\/2023\/01\/viewcloud-logo-large.jpg","type":"image\/jpeg"}],"twitter_card":"summary_large_image","twitter_site":"@IMVimaging","schema":{"@context":"https:\/\/schema.org","@graph":[{"@type":"WebPage","@id":"https:\/\/www.imv-imaging.com\/fr\/a-propos\/biotechnologies-de-la-reproduction\/","url":"https:\/\/www.imv-imaging.com\/fr\/a-propos\/biotechnologies-de-la-reproduction\/","name":"Biotechnologies de la reproduction | IMV imaging","isPartOf":{"@id":"https:\/\/www.imv-imaging.com\/fr\/#website"},"datePublished":"2022-11-16T10:40:00+00:00","dateModified":"2023-03-08T16:08:47+00:00","description":"Biotechnologies de la reproduction. IMV imaging are the premier supplier of animal imaging equipment for veterinary use.","breadcrumb":{"@id":"https:\/\/www.imv-imaging.com\/fr\/a-propos\/biotechnologies-de-la-reproduction\/#breadcrumb"},"inLanguage":"fr-FR","potentialAction":[{"@type":"ReadAction","target":["https:\/\/www.imv-imaging.com\/fr\/a-propos\/biotechnologies-de-la-reproduction\/"]}]},{"@type":"BreadcrumbList","@id":"https:\/\/www.imv-imaging.com\/fr\/a-propos\/biotechnologies-de-la-reproduction\/#breadcrumb","itemListElement":[{"@type":"ListItem","position":1,"name":"Accueil","item":"https:\/\/www.imv-imaging.com\/fr\/"},{"@type":"ListItem","position":2,"name":"A propos de nous","item":"https:\/\/www.imv-imaging.com\/fr\/a-propos\/"},{"@type":"ListItem","position":3,"name":"Biotechnologies de la reproduction"}]},{"@type":"WebSite","@id":"https:\/\/www.imv-imaging.com\/fr\/#website","url":"https:\/\/www.imv-imaging.com\/fr\/","name":"IMV Imaging","description":"More than just imaging","publisher":{"@id":"https:\/\/www.imv-imaging.com\/fr\/#organization"},"potentialAction":[{"@type":"SearchAction","target":{"@type":"EntryPoint","urlTemplate":"https:\/\/www.imv-imaging.com\/fr\/?s={search_term_string}"},"query-input":{"@type":"PropertyValueSpecification","valueRequired":true,"valueName":"search_term_string"}}],"inLanguage":"fr-FR"},{"@type":"Organization","@id":"https:\/\/www.imv-imaging.com\/fr\/#organization","name":"IMV Imaging","url":"https:\/\/www.imv-imaging.com\/fr\/","logo":{"@type":"ImageObject","inLanguage":"fr-FR","@id":"https:\/\/www.imv-imaging.com\/fr\/#\/schema\/logo\/image\/","url":"https:\/\/www.imv-imaging.com\/wp-content\/uploads\/2023\/01\/viewcloud-logo-large.jpg","contentUrl":"https:\/\/www.imv-imaging.com\/wp-content\/uploads\/2023\/01\/viewcloud-logo-large.jpg","width":770,"height":400,"caption":"IMV Imaging"},"image":{"@id":"https:\/\/www.imv-imaging.com\/fr\/#\/schema\/logo\/image\/"},"sameAs":["https:\/\/www.facebook.com\/imvimaging.northamerica\/","https:\/\/x.com\/IMVimaging","https:\/\/www.linkedin.com\/company\/imv-imaging\/","https:\/\/www.youtube.com\/channel\/UCM294Ky6760YOaPsiuS2-Dg","https:\/\/www.instagram.com\/imv.imaging\/"]}]}},"_links":{"self":[{"href":"https:\/\/www.imv-imaging.com\/fr\/wp-json\/wp\/v2\/pages\/19992","targetHints":{"allow":["GET"]}}],"collection":[{"href":"https:\/\/www.imv-imaging.com\/fr\/wp-json\/wp\/v2\/pages"}],"about":[{"href":"https:\/\/www.imv-imaging.com\/fr\/wp-json\/wp\/v2\/types\/page"}],"author":[{"embeddable":true,"href":"https:\/\/www.imv-imaging.com\/fr\/wp-json\/wp\/v2\/users\/2"}],"replies":[{"embeddable":true,"href":"https:\/\/www.imv-imaging.com\/fr\/wp-json\/wp\/v2\/comments?post=19992"}],"version-history":[{"count":0,"href":"https:\/\/www.imv-imaging.com\/fr\/wp-json\/wp\/v2\/pages\/19992\/revisions"}],"up":[{"embeddable":true,"href":"https:\/\/www.imv-imaging.com\/fr\/wp-json\/wp\/v2\/pages\/3463"}],"wp:attachment":[{"href":"https:\/\/www.imv-imaging.com\/fr\/wp-json\/wp\/v2\/media?parent=19992"}],"curies":[{"name":"wp","href":"https:\/\/api.w.org\/{rel}","templated":true}]}}