{"id":3463,"date":"2022-11-01T14:23:46","date_gmt":"2022-11-01T14:23:46","guid":{"rendered":"https:\/\/www.imv-imaging.com\/?page_id=3463"},"modified":"2023-03-01T14:18:42","modified_gmt":"2023-03-01T14:18:42","slug":"a-propos","status":"publish","type":"page","link":"https:\/\/www.imv-imaging.com\/fr\/a-propos\/","title":{"rendered":"A propos de nous"},"content":{"rendered":"\r\n\r\r\n<div class=\"\r\r\n    heroHome\r\r\n     fullHeight\r\n    \r\n    \r\n    \r\n    \r\n\">\r\r\n    <div class=\"heroHome__inner\">\r\r\n        \r\n            <h1 class=\"heroHome__heading\">\r\r\n                A propos de nous\r\n            <\/h1>\r\r\n        \r\n\r\r\n        \r\n\r\r\n        \r\n\r\r\n        \r\n            <div class=\"heroHome__background\">\r\r\n                \r\n                    <img decoding=\"async\"\r\r\n                        class=\"heroHome__backgroundImage\"\r\r\n                        src=\"https:\/\/www.imv-imaging.com\/wp-content\/uploads\/2022\/12\/Jun-29-IMV-Social-Media-058.jpg\"\r\r\n                        style=\"object-position: \"\r\r\n loading=\"lazy\" \/>\r\r\n\r\r\n                    <div class=\"heroHome__backgroundOverlay\"><\/div>\r\r\n                \r\n            <\/div>\r\r\n        \r\n\r\r\n        \r\n    <\/div>\r\r\n<\/div>\r\r\n\n\n<div class=\"breadcrumbs align  wp-block-bcn-breadcrumb-trail has-text-color has-background\" vocab=\"https:\/\/schema.org\/\" typeof=\"BreadcrumbList\">\n\t<span><\/span>\n\t<span property=\"itemListElement\" typeof=\"ListItem\"><a property=\"item\" typeof=\"WebPage\" title=\"Aller \u00e0 IMV imaging.\" href=\"https:\/\/www.imv-imaging.com\/fr\/\" class=\"home\" ><span property=\"name\">IMV imaging<\/span><\/a><meta property=\"position\" content=\"1\"><\/span><span class=\"separator\">\u203a<\/span><span property=\"itemListElement\" typeof=\"ListItem\"><a property=\"item\" typeof=\"WebPage\" title=\"Go to Nouvelles\" href=\"https:\/\/www.imv-imaging.com\/fr\/nouvelles\/\" class=\"post-root post post-post\" aria-current=\"page\"><span property=\"name\">Nouvelles<\/span><\/a><meta property=\"position\" content=\"2\"><\/span><\/div>\n\n\n\r\n<div class=\"textEditor contentBlock\">\r\n    <div class=\"textEditor__textContent\">\r\n        \r\n                    <div class=\"textEditor__content\">\r\n                <h2><u>Des \u00e9chographes pour les v\u00e9t\u00e9rinaires d\u2019aujourd\u2019hui<\/u><\/h2>\n<p>Faisant partie du groupe IMV Technologies, IMV imaging est le leader de l\u2019imagerie v\u00e9t\u00e9rinaire. Anciennement connu sous les noms de BCF Technology et ECM (Echo Control Medical), nous avons 40 ans d\u2019exp\u00e9rience dans la conception et le domaine de l\u2019\u00e9chographie v\u00e9t\u00e9rinaire. Avec une industrie v\u00e9t\u00e9rinaire en constante \u00e9volution, nous continuons \u00e0 consacrer notre activit\u00e9 et d\u00e9dions nos \u00e9quipes \u00e0 fournir le meilleur \u00e9quipement possible ainsi qu\u2019\u00e0 apporter les conseils, les connaissances, le support client et technique les plus innovants et les meilleurs possibles.<\/p>\n<h3><u>Nos solutions cl\u00e9s<\/u><\/h3>\n<p>Tous nos appareils sont con\u00e7us par nos \u00e9quipes d\u2019ing\u00e9nieurs et fabriqu\u00e9s dans nos ateliers. Nous sommes sp\u00e9cialis\u00e9s dans le mat\u00e9riel d\u2019\u00e9chographie, une technologie robuste, fiable et pens\u00e9 pour faire face aux environnements exigeants en \u00e9levage comme en clinique v\u00e9t\u00e9rinaire.<\/p>\n<h3><u>Pionniers de l\u2019\u00e9chographie v\u00e9t\u00e9rinaire<\/u><\/h3>\n<p>Depuis 40 ans, notre \u00e9quipe grandissante d\u2019experts travaille en collaboration avec nos clients et notre r\u00e9seau mondial de fournisseurs et de distributeurs sp\u00e9cialis\u00e9s dans le soin animalier pour s\u2019assurer que nous fournissons les meilleurs produits et services pour l\u2019industrie v\u00e9t\u00e9rinaire. Toutes nos \u00e9quipes concentrent leur effort pour rester \u00e0 l\u2019avant-garde du diagnostic \u00e9chographique.<\/p>\n<h3><u>Partage de connaissances<\/u><\/h3>\n<p>En tant que v\u00e9t\u00e9rinaire, vous ne cessez jamais d\u2019apprendre. R\u00e9aliser et interpr\u00e9ter des images \u00e9chographiques n\u00e9cessitent des comp\u00e9tences et de la confiance. Le partage des connaissances est un \u00e9l\u00e9ment essentiel du support fourni par IMV imaging.<\/p>\n<h3><u>La vision IMV<\/u><\/h3>\n<p>Nous sommes tr\u00e8s fiers de notre approche transparente et simple. Nous cr\u00e9ons \u00e9galement un environnement de travail agr\u00e9able, ce qui nous a permis de cr\u00e9er des \u00e9quipes dynamiques et engag\u00e9es. Nous nous engageons \u00e0 \u00e9tablir des relations \u00e0 long terme avec nos clients, en offrant la bonne solution et les bons conseils en fonction des besoins de nos clients, tout au long de leur carri\u00e8re.<\/p>\n            <\/div>\r\n            <\/div>\r\n\r\n            <div class=\"textEditor__links \">\r\n                            <div class=\"textEditor__linkContainer\">\r\n                                                                        <a\r\n                                class=\"textEditor__link btn btn--md btn--primary\"\r\n                                href=\"\/fr\/about\/about-imv-imaging\/\">\r\n                                \u00c0 propos de IMV imaging                            <\/a>\r\n                                                            <\/div>\r\n                            <div class=\"textEditor__linkContainer\">\r\n                                                                        <a\r\n                                class=\"textEditor__link btn btn--md btn--primary\"\r\n                                href=\"#\">\r\n                                Voici l\u2019\u00e9quipe                            <\/a>\r\n                                                            <\/div>\r\n                    <\/div>\r\n    <\/div>\r\n\r\n\n\n\n<div class=\"wp-block-columns is-layout-flex wp-container-core-columns-is-layout-1 wp-block-columns-is-layout-flex\">\n<div class=\"wp-block-column is-layout-flow wp-block-column-is-layout-flow\">\r\n<div class=\"ctaButtons contentBlock\" data-aos=\"fade-up\">\r\n    <div class=\"ctaButtons__inner\">\r\n                    <div class=\"ctaButtons__item\">\r\n                                <a class=\"ctaButtons__itemInner\" href=\"\/frhttps:\/\/www.imv-imaging.com\">\r\n                                    <fa\r\n                        class=\"ctaButtons__itemIcon icon\"\r\n                        icon=\"fa-regular fa-user-tie\"\r\n                        style=\"color: #ffffff\"\r\n                    ><\/fa>\r\n\r\n                    <h5 class=\"ctaButtons__itemHeading\">\r\n                        Carri\u00e8res                    <\/h5>\r\n\r\n                    <p class=\"ctaButtons__itemSubheading\">\r\n                                            <\/p>\r\n                                <\/a>\r\n                            <\/div>\r\n                    <div class=\"ctaButtons__item\">\r\n                                <a class=\"ctaButtons__itemInner\" href=\"\/frhttps:\/\/www.imv-imaging.com\">\r\n                                    <fa\r\n                        class=\"ctaButtons__itemIcon icon\"\r\n                        icon=\"fa-light fa-users\"\r\n                        style=\"color: #ffffff\"\r\n                    ><\/fa>\r\n\r\n                    <h5 class=\"ctaButtons__itemHeading\">\r\n                        Voici l\u2019\u00e9quipe                    <\/h5>\r\n\r\n                    <p class=\"ctaButtons__itemSubheading\">\r\n                                            <\/p>\r\n                                <\/a>\r\n                            <\/div>\r\n            <\/div>\r\n<\/div>\r\n<\/div>\n\n\n\n<div class=\"wp-block-column is-layout-flow wp-block-column-is-layout-flow\">\r\n<div\r\n    class=\"imageWithCaption contentBlock backgroundImage\"\r\n    data-aos=\"fade-up\"\r\n>\r\n    <div\r\n        class=\"imageWithCaption__inner\"\r\n        style=\"\r\n                    background-image: url(https:\/\/www.imv-imaging.com\/wp-content\/uploads\/2022\/11\/Rectangle-181.png);\r\n                \"\r\n    >\r\n        \r\n        <div class=\"imageWithCaption__text\">\r\n                            <div class=\"imageWithCaption__label h6\">\r\n                    IMV Group                <\/div>\r\n            \r\n                            <p class=\"imageWithCaption__caption h5\">\r\n                    La capture et l&rsquo;interpr\u00e9tation d&rsquo;images diagnostiques n\u00e9cessitent des comp\u00e9tences et de la confiance, c&rsquo;est pourquoi l&rsquo;apprentissage a toujours \u00e9t\u00e9 au c\u0153ur d&rsquo;IMV.                <\/p>\r\n                    <\/div>\r\n\r\n                    <div class=\"imageWithCaption__gradient\"><\/div>\r\n            <\/div>\r\n<\/div>\r\n<\/div>\n<\/div>\n\n\n\r\n<div\r\n    class=\"threeImages contentBlock additionalSpacing\"\r\n    data-aos=\"fade-up\"\r\n>\r\n    <div class=\"threeImages__textContent\">\r\n                    <div class=\"threeImages__label h6\" style=\"color: #52689A;\">\r\n                Why we can help            <\/div>\r\n        \r\n                    <h2 class=\"threeImages__heading\">\r\n                IMV imaging have been pioneers in veterinary imaging for over 30 years. Formerly known as BCF, we were the first to develop water resistant, wearable ultrasound scanners for cows that allowed the users to view the image on a head mounted display.            <\/h2>\r\n            <\/div>\r\n\r\n    <\/div>\r\n\n\n\n<div class=\"wp-block-columns is-layout-flex wp-container-core-columns-is-layout-2 wp-block-columns-is-layout-flex\">\n<div class=\"wp-block-column is-layout-flow wp-block-column-is-layout-flow\">\r\n<div\r\n    class=\"imageWithCaption contentBlock\"\r\n    data-aos=\"fade-up\"\r\n>\r\n    <div\r\n        class=\"imageWithCaption__inner\"\r\n        style=\"\r\n                \"\r\n    >\r\n                    <img decoding=\"async\" class=\"imageWithCaption__image\" src=\"https:\/\/www.imv-imaging.com\/wp-content\/uploads\/2022\/11\/Group-208.png\" alt=\"\" loading=\"lazy\" \/>\r\n        \r\n        <div class=\"imageWithCaption__text\">\r\n                            <div class=\"imageWithCaption__label h6\">\r\n                    History                <\/div>\r\n            \r\n                            <p class=\"imageWithCaption__caption h5\">\r\n                    Capturing and interpreting diagnostic images takes skill and confidence, which is why learning has always been at the heart of IMV.                <\/p>\r\n                    <\/div>\r\n\r\n            <\/div>\r\n<\/div>\r\n<\/div>\n\n\n\n<div class=\"wp-block-column is-layout-flow wp-block-column-is-layout-flow\">\r\n<div\r\n    class=\"imageWithCaption contentBlock backgroundImage\"\r\n    data-aos=\"fade-up\"\r\n>\r\n    <div\r\n        class=\"imageWithCaption__inner\"\r\n        style=\"\r\n                    background-image: url(https:\/\/www.imv-imaging.com\/wp-content\/uploads\/2022\/11\/Rectangle-20.png);\r\n                \"\r\n    >\r\n        \r\n        <div class=\"imageWithCaption__text\">\r\n                            <div class=\"imageWithCaption__label h6\">\r\n                    Vision &#038; Values                <\/div>\r\n            \r\n                            <p class=\"imageWithCaption__caption h5\">\r\n                    We are dedicated to providing the best equipment, advice, learning, customer care and technical support.                <\/p>\r\n                    <\/div>\r\n\r\n                    <div class=\"imageWithCaption__gradient\"><\/div>\r\n            <\/div>\r\n<\/div>\r\n<\/div>\n<\/div>\n","protected":false},"excerpt":{"rendered":"","protected":false},"author":2,"featured_media":0,"parent":0,"menu_order":11,"comment_status":"closed","ping_status":"closed","template":"","meta":{"_acf_changed":false,"content-type":"","ep_exclude_from_search":false,"footnotes":""},"class_list":["post-3463","page","type-page","status-publish","hentry"],"acf":[],"yoast_head":"<!-- This site is optimized with the Yoast SEO Premium plugin v26.0 (Yoast SEO v26.8) - https:\/\/yoast.com\/product\/yoast-seo-premium-wordpress\/ -->\n<title>A propos de nous | IMV imaging<\/title>\n<meta name=\"description\" content=\"A propos de nous. IMV imaging are the premier supplier of animal imaging equipment for veterinary use.\" \/>\n<meta name=\"robots\" content=\"index, follow, max-snippet:-1, max-image-preview:large, max-video-preview:-1\" \/>\n<link rel=\"canonical\" href=\"https:\/\/www.imv-imaging.com\/fr\/a-propos\/\" \/>\n<meta property=\"og:locale\" content=\"fr_FR\" \/>\n<meta property=\"og:type\" content=\"article\" \/>\n<meta property=\"og:title\" content=\"A propos de nous\" \/>\n<meta property=\"og:description\" content=\"A propos de nous. IMV imaging are the premier supplier of animal imaging equipment for veterinary use.\" \/>\n<meta property=\"og:url\" content=\"https:\/\/www.imv-imaging.com\/fr\/a-propos\/\" \/>\n<meta property=\"og:site_name\" content=\"IMV imaging\" \/>\n<meta property=\"article:publisher\" content=\"https:\/\/www.facebook.com\/imvimaging.northamerica\/\" \/>\n<meta property=\"article:modified_time\" content=\"2023-03-01T14:18:42+00:00\" \/>\n<meta property=\"og:image\" content=\"https:\/\/www.imv-imaging.com\/wp-content\/uploads\/2023\/01\/viewcloud-logo-large.jpg\" \/>\n\t<meta property=\"og:image:width\" content=\"770\" \/>\n\t<meta property=\"og:image:height\" content=\"400\" \/>\n\t<meta property=\"og:image:type\" content=\"image\/jpeg\" \/>\n<meta name=\"twitter:card\" content=\"summary_large_image\" \/>\n<meta name=\"twitter:site\" content=\"@IMVimaging\" \/>\n<script type=\"application\/ld+json\" class=\"yoast-schema-graph\">{\"@context\":\"https:\/\/schema.org\",\"@graph\":[{\"@type\":\"WebPage\",\"@id\":\"https:\/\/www.imv-imaging.com\/fr\/a-propos\/\",\"url\":\"https:\/\/www.imv-imaging.com\/fr\/a-propos\/\",\"name\":\"A propos de nous | IMV imaging\",\"isPartOf\":{\"@id\":\"https:\/\/www.imv-imaging.com\/fr\/#website\"},\"datePublished\":\"2022-11-01T14:23:46+00:00\",\"dateModified\":\"2023-03-01T14:18:42+00:00\",\"description\":\"A propos de nous. IMV imaging are the premier supplier of animal imaging equipment for veterinary use.\",\"breadcrumb\":{\"@id\":\"https:\/\/www.imv-imaging.com\/fr\/a-propos\/#breadcrumb\"},\"inLanguage\":\"fr-FR\",\"potentialAction\":[{\"@type\":\"ReadAction\",\"target\":[\"https:\/\/www.imv-imaging.com\/fr\/a-propos\/\"]}]},{\"@type\":\"BreadcrumbList\",\"@id\":\"https:\/\/www.imv-imaging.com\/fr\/a-propos\/#breadcrumb\",\"itemListElement\":[{\"@type\":\"ListItem\",\"position\":1,\"name\":\"Accueil\",\"item\":\"https:\/\/www.imv-imaging.com\/fr\/\"},{\"@type\":\"ListItem\",\"position\":2,\"name\":\"A propos de nous\"}]},{\"@type\":\"WebSite\",\"@id\":\"https:\/\/www.imv-imaging.com\/fr\/#website\",\"url\":\"https:\/\/www.imv-imaging.com\/fr\/\",\"name\":\"IMV Imaging\",\"description\":\"More than just imaging\",\"publisher\":{\"@id\":\"https:\/\/www.imv-imaging.com\/fr\/#organization\"},\"potentialAction\":[{\"@type\":\"SearchAction\",\"target\":{\"@type\":\"EntryPoint\",\"urlTemplate\":\"https:\/\/www.imv-imaging.com\/fr\/?s={search_term_string}\"},\"query-input\":{\"@type\":\"PropertyValueSpecification\",\"valueRequired\":true,\"valueName\":\"search_term_string\"}}],\"inLanguage\":\"fr-FR\"},{\"@type\":\"Organization\",\"@id\":\"https:\/\/www.imv-imaging.com\/fr\/#organization\",\"name\":\"IMV Imaging\",\"url\":\"https:\/\/www.imv-imaging.com\/fr\/\",\"logo\":{\"@type\":\"ImageObject\",\"inLanguage\":\"fr-FR\",\"@id\":\"https:\/\/www.imv-imaging.com\/fr\/#\/schema\/logo\/image\/\",\"url\":\"https:\/\/www.imv-imaging.com\/wp-content\/uploads\/2023\/01\/viewcloud-logo-large.jpg\",\"contentUrl\":\"https:\/\/www.imv-imaging.com\/wp-content\/uploads\/2023\/01\/viewcloud-logo-large.jpg\",\"width\":770,\"height\":400,\"caption\":\"IMV Imaging\"},\"image\":{\"@id\":\"https:\/\/www.imv-imaging.com\/fr\/#\/schema\/logo\/image\/\"},\"sameAs\":[\"https:\/\/www.facebook.com\/imvimaging.northamerica\/\",\"https:\/\/x.com\/IMVimaging\",\"https:\/\/www.linkedin.com\/company\/imv-imaging\/\",\"https:\/\/www.youtube.com\/channel\/UCM294Ky6760YOaPsiuS2-Dg\",\"https:\/\/www.instagram.com\/imv.imaging\/\"]}]}<\/script>\n<!-- \/ Yoast SEO Premium plugin. -->","yoast_head_json":{"title":"A propos de nous | IMV imaging","description":"A propos de nous. IMV imaging are the premier supplier of animal imaging equipment for veterinary use.","robots":{"index":"index","follow":"follow","max-snippet":"max-snippet:-1","max-image-preview":"max-image-preview:large","max-video-preview":"max-video-preview:-1"},"canonical":"https:\/\/www.imv-imaging.com\/fr\/a-propos\/","og_locale":"fr_FR","og_type":"article","og_title":"A propos de nous","og_description":"A propos de nous. IMV imaging are the premier supplier of animal imaging equipment for veterinary use.","og_url":"https:\/\/www.imv-imaging.com\/fr\/a-propos\/","og_site_name":"IMV imaging","article_publisher":"https:\/\/www.facebook.com\/imvimaging.northamerica\/","article_modified_time":"2023-03-01T14:18:42+00:00","og_image":[{"width":770,"height":400,"url":"https:\/\/www.imv-imaging.com\/wp-content\/uploads\/2023\/01\/viewcloud-logo-large.jpg","type":"image\/jpeg"}],"twitter_card":"summary_large_image","twitter_site":"@IMVimaging","schema":{"@context":"https:\/\/schema.org","@graph":[{"@type":"WebPage","@id":"https:\/\/www.imv-imaging.com\/fr\/a-propos\/","url":"https:\/\/www.imv-imaging.com\/fr\/a-propos\/","name":"A propos de nous | IMV imaging","isPartOf":{"@id":"https:\/\/www.imv-imaging.com\/fr\/#website"},"datePublished":"2022-11-01T14:23:46+00:00","dateModified":"2023-03-01T14:18:42+00:00","description":"A propos de nous. IMV imaging are the premier supplier of animal imaging equipment for veterinary use.","breadcrumb":{"@id":"https:\/\/www.imv-imaging.com\/fr\/a-propos\/#breadcrumb"},"inLanguage":"fr-FR","potentialAction":[{"@type":"ReadAction","target":["https:\/\/www.imv-imaging.com\/fr\/a-propos\/"]}]},{"@type":"BreadcrumbList","@id":"https:\/\/www.imv-imaging.com\/fr\/a-propos\/#breadcrumb","itemListElement":[{"@type":"ListItem","position":1,"name":"Accueil","item":"https:\/\/www.imv-imaging.com\/fr\/"},{"@type":"ListItem","position":2,"name":"A propos de nous"}]},{"@type":"WebSite","@id":"https:\/\/www.imv-imaging.com\/fr\/#website","url":"https:\/\/www.imv-imaging.com\/fr\/","name":"IMV Imaging","description":"More than just imaging","publisher":{"@id":"https:\/\/www.imv-imaging.com\/fr\/#organization"},"potentialAction":[{"@type":"SearchAction","target":{"@type":"EntryPoint","urlTemplate":"https:\/\/www.imv-imaging.com\/fr\/?s={search_term_string}"},"query-input":{"@type":"PropertyValueSpecification","valueRequired":true,"valueName":"search_term_string"}}],"inLanguage":"fr-FR"},{"@type":"Organization","@id":"https:\/\/www.imv-imaging.com\/fr\/#organization","name":"IMV Imaging","url":"https:\/\/www.imv-imaging.com\/fr\/","logo":{"@type":"ImageObject","inLanguage":"fr-FR","@id":"https:\/\/www.imv-imaging.com\/fr\/#\/schema\/logo\/image\/","url":"https:\/\/www.imv-imaging.com\/wp-content\/uploads\/2023\/01\/viewcloud-logo-large.jpg","contentUrl":"https:\/\/www.imv-imaging.com\/wp-content\/uploads\/2023\/01\/viewcloud-logo-large.jpg","width":770,"height":400,"caption":"IMV Imaging"},"image":{"@id":"https:\/\/www.imv-imaging.com\/fr\/#\/schema\/logo\/image\/"},"sameAs":["https:\/\/www.facebook.com\/imvimaging.northamerica\/","https:\/\/x.com\/IMVimaging","https:\/\/www.linkedin.com\/company\/imv-imaging\/","https:\/\/www.youtube.com\/channel\/UCM294Ky6760YOaPsiuS2-Dg","https:\/\/www.instagram.com\/imv.imaging\/"]}]}},"_links":{"self":[{"href":"https:\/\/www.imv-imaging.com\/fr\/wp-json\/wp\/v2\/pages\/3463","targetHints":{"allow":["GET"]}}],"collection":[{"href":"https:\/\/www.imv-imaging.com\/fr\/wp-json\/wp\/v2\/pages"}],"about":[{"href":"https:\/\/www.imv-imaging.com\/fr\/wp-json\/wp\/v2\/types\/page"}],"author":[{"embeddable":true,"href":"https:\/\/www.imv-imaging.com\/fr\/wp-json\/wp\/v2\/users\/2"}],"replies":[{"embeddable":true,"href":"https:\/\/www.imv-imaging.com\/fr\/wp-json\/wp\/v2\/comments?post=3463"}],"version-history":[{"count":0,"href":"https:\/\/www.imv-imaging.com\/fr\/wp-json\/wp\/v2\/pages\/3463\/revisions"}],"wp:attachment":[{"href":"https:\/\/www.imv-imaging.com\/fr\/wp-json\/wp\/v2\/media?parent=3463"}],"curies":[{"name":"wp","href":"https:\/\/api.w.org\/{rel}","templated":true}]}}