{"id":5821,"date":"2022-12-19T11:54:48","date_gmt":"2022-12-19T11:54:48","guid":{"rendered":"https:\/\/www.imv-imaging.com\/?page_id=5821"},"modified":"2023-01-27T23:11:44","modified_gmt":"2023-01-27T23:11:44","slug":"inscription-a-la-newsletter","status":"publish","type":"page","link":"https:\/\/www.imv-imaging.com\/fr\/inscription-a-la-newsletter\/","title":{"rendered":"Inscription \u00e0 la newsletter"},"content":{"rendered":"\n<h2 class=\"wp-block-heading\">Ressources cliniques et nouveaut\u00e9s&nbsp;<\/h2>\n\n\n\n<p>Restez inform\u00e9 de l\u2019actualit\u00e9&nbsp;v\u00e9t\u00e9rinaire et des nouveaut\u00e9s techniques. Acc\u00e9dez \u00e0 des ressources cliniques v\u00e9t\u00e9rinaires gratuites en vous inscrivant \u00e0 la newsletter d\u2019IMV&nbsp;imaging.&nbsp;<\/p>\n\n\n\n<figure class=\"wp-block-image size-full\"><img loading=\"lazy\" decoding=\"async\" width=\"650\" height=\"650\" src=\"https:\/\/www.imv-imaging.com\/wp-content\/uploads\/2022\/12\/image-31.jpg\" alt=\"\" class=\"wp-image-5822\" srcset=\"https:\/\/www.imv-imaging.com\/wp-content\/uploads\/2022\/12\/image-31.jpg 650w, https:\/\/www.imv-imaging.com\/wp-content\/uploads\/2022\/12\/image-31-300x300.jpg 300w, https:\/\/www.imv-imaging.com\/wp-content\/uploads\/2022\/12\/image-31-150x150.jpg 150w, https:\/\/www.imv-imaging.com\/wp-content\/uploads\/2022\/12\/image-31-400x400.jpg 400w, https:\/\/www.imv-imaging.com\/wp-content\/uploads\/2022\/12\/image-31-600x600.jpg 600w, https:\/\/www.imv-imaging.com\/wp-content\/uploads\/2022\/12\/image-31-100x100.jpg 100w\" sizes=\"auto, (max-width: 650px) 100vw, 650px\" \/><\/figure>\n\n\n\n\n\t\t\t\t\t\t<component is=\"script\">\n\t\t\t\t\t\t\twindow.hsFormsOnReady = window.hsFormsOnReady || [];\n\t\t\t\t\t\t\twindow.hsFormsOnReady.push(()=>{\n\t\t\t\t\t\t\t\thbspt.forms.create({\n\t\t\t\t\t\t\t\t\tportalId: 7971300,\n\t\t\t\t\t\t\t\t\tformId: \"e8f4203b-a3d5-4bc5-bd11-e05055505b11\",\n\t\t\t\t\t\t\t\t\ttarget: \"#hbspt-form-1777591788000-5038027353\",\n\t\t\t\t\t\t\t\t\tregion: \"na1\",\n\t\t\t\t\t\t\t\t\t\n\t\t\t\t\t\t\t})});\n\t\t\t\t\t\t<\/component>\n\t\t\t\t\t\t<div class=\"hbspt-form\" id=\"hbspt-form-1777591788000-5038027353\"><\/div>\n","protected":false},"excerpt":{"rendered":"<p>Ressources cliniques et nouveaut\u00e9s&nbsp; Restez inform\u00e9 de l\u2019actualit\u00e9&nbsp;v\u00e9t\u00e9rinaire et des nouveaut\u00e9s techniques. Acc\u00e9dez \u00e0 des ressources cliniques v\u00e9t\u00e9rinaires gratuites en vous inscrivant \u00e0 la newsletter d\u2019IMV&nbsp;imaging.&nbsp;<\/p>\n","protected":false},"author":2,"featured_media":0,"parent":0,"menu_order":183,"comment_status":"closed","ping_status":"closed","template":"page-templates\/content_page.php","meta":{"_acf_changed":false,"content-type":"","ep_exclude_from_search":false,"footnotes":""},"class_list":["post-5821","page","type-page","status-publish","hentry"],"acf":[],"yoast_head":"<!-- This site is optimized with the Yoast SEO Premium plugin v26.0 (Yoast SEO v26.8) - https:\/\/yoast.com\/product\/yoast-seo-premium-wordpress\/ -->\n<title>Inscription \u00e0 la newsletter | IMV imaging<\/title>\n<meta name=\"description\" content=\"Inscription \u00e0 la newsletter. IMV imaging are the premier supplier of animal imaging equipment for veterinary use.\" \/>\n<meta name=\"robots\" content=\"index, follow, max-snippet:-1, max-image-preview:large, max-video-preview:-1\" \/>\n<link rel=\"canonical\" href=\"https:\/\/www.imv-imaging.com\/fr\/inscription-a-la-newsletter\/\" \/>\n<meta property=\"og:locale\" content=\"fr_FR\" \/>\n<meta property=\"og:type\" content=\"article\" \/>\n<meta property=\"og:title\" content=\"Inscription \u00e0 la newsletter\" \/>\n<meta property=\"og:description\" content=\"Inscription \u00e0 la newsletter. IMV imaging are the premier supplier of animal imaging equipment for veterinary use.\" \/>\n<meta property=\"og:url\" content=\"https:\/\/www.imv-imaging.com\/fr\/inscription-a-la-newsletter\/\" \/>\n<meta property=\"og:site_name\" content=\"IMV imaging\" \/>\n<meta property=\"article:publisher\" content=\"https:\/\/www.facebook.com\/imvimaging.northamerica\/\" \/>\n<meta property=\"article:modified_time\" content=\"2023-01-27T23:11:44+00:00\" \/>\n<meta property=\"og:image\" content=\"https:\/\/www.imv-imaging.com\/wp-content\/uploads\/2022\/12\/image-31.jpg\" \/>\n<meta name=\"twitter:card\" content=\"summary_large_image\" \/>\n<meta name=\"twitter:site\" content=\"@IMVimaging\" \/>\n<meta name=\"twitter:label1\" content=\"Dur\u00e9e de lecture estim\u00e9e\" \/>\n\t<meta name=\"twitter:data1\" content=\"1 minute\" \/>\n<script type=\"application\/ld+json\" class=\"yoast-schema-graph\">{\"@context\":\"https:\/\/schema.org\",\"@graph\":[{\"@type\":\"WebPage\",\"@id\":\"https:\/\/www.imv-imaging.com\/fr\/inscription-a-la-newsletter\/\",\"url\":\"https:\/\/www.imv-imaging.com\/fr\/inscription-a-la-newsletter\/\",\"name\":\"Inscription \u00e0 la newsletter | IMV imaging\",\"isPartOf\":{\"@id\":\"https:\/\/www.imv-imaging.com\/fr\/#website\"},\"primaryImageOfPage\":{\"@id\":\"https:\/\/www.imv-imaging.com\/fr\/inscription-a-la-newsletter\/#primaryimage\"},\"image\":{\"@id\":\"https:\/\/www.imv-imaging.com\/fr\/inscription-a-la-newsletter\/#primaryimage\"},\"thumbnailUrl\":\"https:\/\/www.imv-imaging.com\/wp-content\/uploads\/2022\/12\/image-31.jpg\",\"datePublished\":\"2022-12-19T11:54:48+00:00\",\"dateModified\":\"2023-01-27T23:11:44+00:00\",\"description\":\"Inscription \u00e0 la newsletter. IMV imaging are the premier supplier of animal imaging equipment for veterinary use.\",\"breadcrumb\":{\"@id\":\"https:\/\/www.imv-imaging.com\/fr\/inscription-a-la-newsletter\/#breadcrumb\"},\"inLanguage\":\"fr-FR\",\"potentialAction\":[{\"@type\":\"ReadAction\",\"target\":[\"https:\/\/www.imv-imaging.com\/fr\/inscription-a-la-newsletter\/\"]}]},{\"@type\":\"ImageObject\",\"inLanguage\":\"fr-FR\",\"@id\":\"https:\/\/www.imv-imaging.com\/fr\/inscription-a-la-newsletter\/#primaryimage\",\"url\":\"https:\/\/www.imv-imaging.com\/wp-content\/uploads\/2022\/12\/image-31.jpg\",\"contentUrl\":\"https:\/\/www.imv-imaging.com\/wp-content\/uploads\/2022\/12\/image-31.jpg\"},{\"@type\":\"BreadcrumbList\",\"@id\":\"https:\/\/www.imv-imaging.com\/fr\/inscription-a-la-newsletter\/#breadcrumb\",\"itemListElement\":[{\"@type\":\"ListItem\",\"position\":1,\"name\":\"Accueil\",\"item\":\"https:\/\/www.imv-imaging.com\/fr\/\"},{\"@type\":\"ListItem\",\"position\":2,\"name\":\"Inscription \u00e0 la newsletter\"}]},{\"@type\":\"WebSite\",\"@id\":\"https:\/\/www.imv-imaging.com\/fr\/#website\",\"url\":\"https:\/\/www.imv-imaging.com\/fr\/\",\"name\":\"IMV Imaging\",\"description\":\"More than just imaging\",\"publisher\":{\"@id\":\"https:\/\/www.imv-imaging.com\/fr\/#organization\"},\"potentialAction\":[{\"@type\":\"SearchAction\",\"target\":{\"@type\":\"EntryPoint\",\"urlTemplate\":\"https:\/\/www.imv-imaging.com\/fr\/?s={search_term_string}\"},\"query-input\":{\"@type\":\"PropertyValueSpecification\",\"valueRequired\":true,\"valueName\":\"search_term_string\"}}],\"inLanguage\":\"fr-FR\"},{\"@type\":\"Organization\",\"@id\":\"https:\/\/www.imv-imaging.com\/fr\/#organization\",\"name\":\"IMV Imaging\",\"url\":\"https:\/\/www.imv-imaging.com\/fr\/\",\"logo\":{\"@type\":\"ImageObject\",\"inLanguage\":\"fr-FR\",\"@id\":\"https:\/\/www.imv-imaging.com\/fr\/#\/schema\/logo\/image\/\",\"url\":\"https:\/\/www.imv-imaging.com\/wp-content\/uploads\/2023\/01\/viewcloud-logo-large.jpg\",\"contentUrl\":\"https:\/\/www.imv-imaging.com\/wp-content\/uploads\/2023\/01\/viewcloud-logo-large.jpg\",\"width\":770,\"height\":400,\"caption\":\"IMV Imaging\"},\"image\":{\"@id\":\"https:\/\/www.imv-imaging.com\/fr\/#\/schema\/logo\/image\/\"},\"sameAs\":[\"https:\/\/www.facebook.com\/imvimaging.northamerica\/\",\"https:\/\/x.com\/IMVimaging\",\"https:\/\/www.linkedin.com\/company\/imv-imaging\/\",\"https:\/\/www.youtube.com\/channel\/UCM294Ky6760YOaPsiuS2-Dg\",\"https:\/\/www.instagram.com\/imv.imaging\/\"]}]}<\/script>\n<!-- \/ Yoast SEO Premium plugin. -->","yoast_head_json":{"title":"Inscription \u00e0 la newsletter | IMV imaging","description":"Inscription \u00e0 la newsletter. IMV imaging are the premier supplier of animal imaging equipment for veterinary use.","robots":{"index":"index","follow":"follow","max-snippet":"max-snippet:-1","max-image-preview":"max-image-preview:large","max-video-preview":"max-video-preview:-1"},"canonical":"https:\/\/www.imv-imaging.com\/fr\/inscription-a-la-newsletter\/","og_locale":"fr_FR","og_type":"article","og_title":"Inscription \u00e0 la newsletter","og_description":"Inscription \u00e0 la newsletter. IMV imaging are the premier supplier of animal imaging equipment for veterinary use.","og_url":"https:\/\/www.imv-imaging.com\/fr\/inscription-a-la-newsletter\/","og_site_name":"IMV imaging","article_publisher":"https:\/\/www.facebook.com\/imvimaging.northamerica\/","article_modified_time":"2023-01-27T23:11:44+00:00","og_image":[{"url":"https:\/\/www.imv-imaging.com\/wp-content\/uploads\/2022\/12\/image-31.jpg","type":"","width":"","height":""}],"twitter_card":"summary_large_image","twitter_site":"@IMVimaging","twitter_misc":{"Dur\u00e9e de lecture estim\u00e9e":"1 minute"},"schema":{"@context":"https:\/\/schema.org","@graph":[{"@type":"WebPage","@id":"https:\/\/www.imv-imaging.com\/fr\/inscription-a-la-newsletter\/","url":"https:\/\/www.imv-imaging.com\/fr\/inscription-a-la-newsletter\/","name":"Inscription \u00e0 la newsletter | IMV imaging","isPartOf":{"@id":"https:\/\/www.imv-imaging.com\/fr\/#website"},"primaryImageOfPage":{"@id":"https:\/\/www.imv-imaging.com\/fr\/inscription-a-la-newsletter\/#primaryimage"},"image":{"@id":"https:\/\/www.imv-imaging.com\/fr\/inscription-a-la-newsletter\/#primaryimage"},"thumbnailUrl":"https:\/\/www.imv-imaging.com\/wp-content\/uploads\/2022\/12\/image-31.jpg","datePublished":"2022-12-19T11:54:48+00:00","dateModified":"2023-01-27T23:11:44+00:00","description":"Inscription \u00e0 la newsletter. IMV imaging are the premier supplier of animal imaging equipment for veterinary use.","breadcrumb":{"@id":"https:\/\/www.imv-imaging.com\/fr\/inscription-a-la-newsletter\/#breadcrumb"},"inLanguage":"fr-FR","potentialAction":[{"@type":"ReadAction","target":["https:\/\/www.imv-imaging.com\/fr\/inscription-a-la-newsletter\/"]}]},{"@type":"ImageObject","inLanguage":"fr-FR","@id":"https:\/\/www.imv-imaging.com\/fr\/inscription-a-la-newsletter\/#primaryimage","url":"https:\/\/www.imv-imaging.com\/wp-content\/uploads\/2022\/12\/image-31.jpg","contentUrl":"https:\/\/www.imv-imaging.com\/wp-content\/uploads\/2022\/12\/image-31.jpg"},{"@type":"BreadcrumbList","@id":"https:\/\/www.imv-imaging.com\/fr\/inscription-a-la-newsletter\/#breadcrumb","itemListElement":[{"@type":"ListItem","position":1,"name":"Accueil","item":"https:\/\/www.imv-imaging.com\/fr\/"},{"@type":"ListItem","position":2,"name":"Inscription \u00e0 la newsletter"}]},{"@type":"WebSite","@id":"https:\/\/www.imv-imaging.com\/fr\/#website","url":"https:\/\/www.imv-imaging.com\/fr\/","name":"IMV Imaging","description":"More than just imaging","publisher":{"@id":"https:\/\/www.imv-imaging.com\/fr\/#organization"},"potentialAction":[{"@type":"SearchAction","target":{"@type":"EntryPoint","urlTemplate":"https:\/\/www.imv-imaging.com\/fr\/?s={search_term_string}"},"query-input":{"@type":"PropertyValueSpecification","valueRequired":true,"valueName":"search_term_string"}}],"inLanguage":"fr-FR"},{"@type":"Organization","@id":"https:\/\/www.imv-imaging.com\/fr\/#organization","name":"IMV Imaging","url":"https:\/\/www.imv-imaging.com\/fr\/","logo":{"@type":"ImageObject","inLanguage":"fr-FR","@id":"https:\/\/www.imv-imaging.com\/fr\/#\/schema\/logo\/image\/","url":"https:\/\/www.imv-imaging.com\/wp-content\/uploads\/2023\/01\/viewcloud-logo-large.jpg","contentUrl":"https:\/\/www.imv-imaging.com\/wp-content\/uploads\/2023\/01\/viewcloud-logo-large.jpg","width":770,"height":400,"caption":"IMV Imaging"},"image":{"@id":"https:\/\/www.imv-imaging.com\/fr\/#\/schema\/logo\/image\/"},"sameAs":["https:\/\/www.facebook.com\/imvimaging.northamerica\/","https:\/\/x.com\/IMVimaging","https:\/\/www.linkedin.com\/company\/imv-imaging\/","https:\/\/www.youtube.com\/channel\/UCM294Ky6760YOaPsiuS2-Dg","https:\/\/www.instagram.com\/imv.imaging\/"]}]}},"_links":{"self":[{"href":"https:\/\/www.imv-imaging.com\/fr\/wp-json\/wp\/v2\/pages\/5821","targetHints":{"allow":["GET"]}}],"collection":[{"href":"https:\/\/www.imv-imaging.com\/fr\/wp-json\/wp\/v2\/pages"}],"about":[{"href":"https:\/\/www.imv-imaging.com\/fr\/wp-json\/wp\/v2\/types\/page"}],"author":[{"embeddable":true,"href":"https:\/\/www.imv-imaging.com\/fr\/wp-json\/wp\/v2\/users\/2"}],"replies":[{"embeddable":true,"href":"https:\/\/www.imv-imaging.com\/fr\/wp-json\/wp\/v2\/comments?post=5821"}],"version-history":[{"count":0,"href":"https:\/\/www.imv-imaging.com\/fr\/wp-json\/wp\/v2\/pages\/5821\/revisions"}],"wp:attachment":[{"href":"https:\/\/www.imv-imaging.com\/fr\/wp-json\/wp\/v2\/media?parent=5821"}],"curies":[{"name":"wp","href":"https:\/\/api.w.org\/{rel}","templated":true}]}}