{"id":9637,"date":"2023-01-24T06:46:00","date_gmt":"2023-01-24T06:46:00","guid":{"rendered":"https:\/\/www.imv-imaging.com\/?page_id=9637"},"modified":"2023-03-03T13:44:22","modified_gmt":"2023-03-03T13:44:22","slug":"echographie-des-animaux-de-compagnie","status":"publish","type":"page","link":"https:\/\/www.imv-imaging.com\/fr\/echographie-des-animaux-de-compagnie\/","title":{"rendered":"Echographie des animaux de compagnie"},"content":{"rendered":"\n<h2 class=\"wp-block-heading\">Echographie des animaux de compagnie<\/h2>\n\n\n\n<p>L\u2019\u00e9chographie joue un r\u00f4le essentiel dans la recherche et le diagnostic d\u2019une multitude de conditions affectant les chiens, les chats et d\u2019autres esp\u00e8ces.<\/p>\n\n\n\n<p>La polyvalence de l\u2019\u00e9chographie est consid\u00e9rable, de l\u2019examen des organes abdominaux aux structures musculosquelettiques, de m\u00eame son utilisation dans les examens \u00e9chographiques abdominaux et thoraciques. Que vous soyez d\u00e9butant dans le domaine des animaux de compagnie et que vous vouliez en comprendre les principes fondamentaux, ou que vous ayez plus d\u2019exp\u00e9rience en \u00e9chographie et que vous cherchiez \u00e0 am\u00e9liorer vos comp\u00e9tences et votre analyse, IMV imaging dispose de nombreuses ressources pour vous aider \u00e0 atteindre votre objectif.<\/p>\n\n\n\n<figure class=\"wp-block-image size-large\"><img decoding=\"async\" src=\"https:\/\/www.imv-imaging.com\/wp-content\/uploads\/2023\/01\/SA-Ultrasound_Pillar-Page-2-1024x683.jpg\" alt=\"\" class=\"wp-image-9638\" loading=\"lazy\" \/><\/figure>\n\n\n\n<h2 class=\"wp-block-heading\">Pour commencer<\/h2>\n\n\n\n<p>Avec de multiples possibilit\u00e9s d\u2019applications \u00e9chographiques, il peut \u00eatre difficile de savoir par o\u00f9 commencer. Comprendre les fondamentaux, les \u00e9tapes cl\u00e9s et les types de sondes est la premi\u00e8re \u00e9tape, mais il est important de consid\u00e9rer comment l\u2019\u00e9chographe sera utilis\u00e9 et votre niveau d\u2019expertise.<\/p>\n\n\n\n<h2 class=\"wp-block-heading\">Quel \u00e9chographe acheter ?<\/h2>\n\n\n\n<p>Si vous achetez votre premier \u00e9chographe, IMV imaging peut vous aider tout au long de votre acquisition. D\u00e9terminer quel \u00e9chographe va r\u00e9pondre au mieux \u00e0 vos besoins, garder l\u2019\u00e9quipement en parfait \u00e9tat, mais \u00e9galement ma\u00eetriser la technique&nbsp;; nous pouvons vous aider.<\/p>\n\n\n\n<p>De m\u00eame, si vous cherchez \u00e0 mettre \u00e0 niveau votre \u00e9chographe, ou si vous \u00eates int\u00e9ress\u00e9 par la fa\u00e7on dont les derni\u00e8res technologies pourraient b\u00e9n\u00e9ficier \u00e0 votre cabinet, contactez-nous.<\/p>\n\n\n\n<h2 class=\"wp-block-heading\">Quel appareil d\u2019\u00e9chographie serait le mieux adapt\u00e9 aux urgences et aux soins intensifs ?<\/h2>\n\n\n\n<p>Si votre charge de travail se compose principalement de patients en urgence et en soins intensifs, alors \u00e9quipez-vous de l\u2019Exapad ou de l\u2019Exapad mini.<\/p>\n\n\n\n<h2 class=\"wp-block-heading\">Quel appareil d\u2019\u00e9chographie est le meilleur pour l\u2019\u00e9cho cardiographie?<\/h2>\n\n\n\n<p>l\u2019\u00e9chocardiographie, IMV imaging est l\u00e0 pour vous guider avec un \u00e9chographe adapt\u00e9 et des fonctions permettant d\u2019effectuer des \u00e9valuations et des mesures pr\u00e9cises de la fonction cardiaque.<\/p>\n\n\n\n<h2 class=\"wp-block-heading\">Quels sont les types d\u2019\u00e9chographes disponibles ?&nbsp;:<\/h2>\n\n\n\n<ul class=\"wp-block-list\">\n<li>Echographes tactiles&nbsp;:<\/li>\n\n\n\n<li>Exapad<\/li>\n\n\n\n<li>Exapad mini<\/li>\n<\/ul>\n\n\n\n<p>Il peut \u00eatre difficile de d\u00e9cider quelle sonde convient le mieux aux examens \u00e9chographiques que vous effectuez.<\/p>\n\n\n\n<h2 class=\"wp-block-heading\">Quel est la sonde la plus couramment utilis\u00e9e ?<\/h2>\n\n\n\n<p class=\"has-black-color has-text-color\">Pour la plupart des examens \u00e9chographiques chez les petits animaux, la sonde micro convexe est la plus polyvalente. Elle permet d\u2019examiner les cavit\u00e9s abdominales et thoraciques, ainsi que d\u2019\u00eatre la sonde de r\u00e9f\u00e9rence pour le protocole POCUS d\u2019\u00e9chographie rapide (vessie, rein, rate\u2026)<\/p>\n\n\n\n<h2 class=\"wp-block-heading\">Quelle est la meilleure sonde pour l\u2019\u00e9chocardiographie ?<\/h2>\n\n\n\n<p>Pour les examens cardiaques, une sonde phased array est recommand\u00e9e. Ces sondes g\u00e9n\u00e8rent une r\u00e9p\u00e9tition d\u2019impulsions tr\u00e8s \u00e9lev\u00e9e et permettent une cadence d\u2019image plus \u00e9lev\u00e9e qui peut s\u2019adapter au c\u0153ur en mouvement rapide. Les sondes phases array facilitent \u00e9galement l\u2019\u00e9valuation Doppler du flux sanguin \u00e0 haute vitesse.<\/p>\n\n\n\n<h2 class=\"wp-block-heading\">Quelle est la meilleure sonde pour \u00e9chographier les structures superficielles ?<\/h2>\n\n\n\n<p>Si vous voulez examiner principalement des structures plus superficielles, en particulier chez les chats, alors une sonde lin\u00e9aire est un bon choix ! Ces sondes permettent d\u2019\u00e9chographier \u00e0 des fr\u00e9quences plus \u00e9lev\u00e9es et produisent des images ayant une r\u00e9solution am\u00e9lior\u00e9e.<\/p>\n\n\n\n<h2 class=\"wp-block-heading\">Qu\u2019est-ce que l\u2019\u00e9chographie Doppler ?<\/h2>\n\n\n\n<p>En utilisant l\u2019\u00e9chographie Doppler, vous pouvez visualiser la direction et la vitesse du flux sanguin.<\/p>\n\n\n\n<p>Couramment utilis\u00e9 dans les examens \u00e9cho cardiographiques, le doppler permet d\u2019identifier les zones de flux sanguin anormal li\u00e9es \u00e0 des alt\u00e9rations de la fonction cardiaque.<\/p>\n\n\n\n<p>Toutefois, l\u2019utilisation de l\u2019\u00e9chographie Doppler ne se limite pas uniquement aux examens \u00e9cho cardiographiques. En \u00e9chographie abdominale, le doppler peut \u00eatre utilis\u00e9 pour indiquer la pr\u00e9sence, l\u2019absence et le sch\u00e9ma de flux sanguin, \u00e0 la fois pour les organes abdominaux et les zones de pathologie.&nbsp; Il est \u00e9galement extr\u00eamement utile pour cartographier les structures vasculaires locales avant d\u2019effectuer un \u00e9chantillonnage de tissus.<\/p>\n\n\n\n<h2 class=\"wp-block-heading\">Vous avez des probl\u00e8mes ?<\/h2>\n\n\n\n<p>Si vous rencontrez des probl\u00e8mes avec votre \u00e9chographe, IMV imaging est l\u00e0 pour vous aider. Que vous ayez besoin d\u2019aide pour l\u2019optimisation des images, un probl\u00e8me de maintenance ou autres, nos \u00e9quipes Supports, Service technique et Service clients sont \u00e0 votre disposition pour vous renseigner.<\/p>\n\n\n\n<p>Pendant que nos \u00e9quipes travaillent sur votre question, pourquoi ne pas regarder cette courte vid\u00e9o sur les art\u00e9facts d\u2019\u00e9chographie pour aider \u00e0 d\u00e9terminer ce que vous regardez sur votre \u00e9cran d\u2019\u00e9chographe ?<\/p>\n\n\n\r\n\r\r\n<div class=\"accordionDropdowns \">\r\r\n    \r\n        <div class=\"accordionDropdowns__heading h3\" style=\"color: #ffffff;\">\r\r\n            En savoir plus\r\n        <\/div>\r\r\n    \r\n\r\r\n    \r\n        <div class=\"accordionDropdowns__description\">\r\r\n            <p>En plus de notre Acad\u00e9mie IMV en ligne, IMV imaging dispose d\u2019une biblioth\u00e8que de contenus pour d\u00e9velopper vos comp\u00e9tences. Si vous cherchez des informations sur une r\u00e9gion anatomique sp\u00e9cifique, alors consultez notre liste de guides et d\u2019articles ci-dessous\u00a0:<\/p>\n\r\n        <\/div>\r\r\n    \r\n\r\r\n    \r\n        <accordion-dropdowns\r\r\n            :data='[{\"dropdowns_item_title\":\" Ressources d\\u0027apprentissage\",\"dropdowns_item_content\":\"\\u003Cp\\u003EAbdomen\\u003C\\\/p\\u003E\\n\\u003Cul\\u003E\\n\\u003Cli\\u003EPr\u00e9paration\\u003C\\\/li\\u003E\\n\\u003Cli\\u003EReporting\\u003C\\\/li\\u003E\\n\\u003Cli\\u003EFoie\\u003C\\\/li\\u003E\\n\\u003Cli\\u003EAnormal\\u003C\\\/li\\u003E\\n\\u003Cli\\u003EV\u00e9sicule biliaire\\u003C\\\/li\\u003E\\n\\u003Cli\\u003ERate\\u003C\\\/li\\u003E\\n\\u003Cli\\u003EReins\\u003C\\\/li\\u003E\\n\\u003Cli\\u003EVessie\\u003C\\\/li\\u003E\\n\\u003Cli\\u003EVoies gastro-intestinales\\u003C\\\/li\\u003E\\n\\u003Cli\\u003EEstomac\\u003C\\\/li\\u003E\\n\\u003Cli\\u003EIntestin gr\u00eale\\u003C\\\/li\\u003E\\n\\u003Cli\\u003EGros intestin\\u003C\\\/li\\u003E\\n\\u003Cli\\u003EPancr\u00e9as\\u003C\\\/li\\u003E\\n\\u003Cli\\u003EGlandes surr\u00e9nales\\u003C\\\/li\\u003E\\n\\u003Cli\\u003EGanglions lymphatiques\\u003C\\\/li\\u003E\\n\\u003Cli\\u003EAppareil reproducteur\\u003C\\\/li\\u003E\\n\\u003Cli\\u003EGestation\\u003C\\\/li\\u003E\\n\\u003C\\\/ul\\u003E\\n\\u003Cp\\u003EThorax\\u003C\\\/p\\u003E\\n\\u003Cul\\u003E\\n\\u003Cli\\u003E\u00c9chocardiographie\\u003C\\\/li\\u003E\\n\\u003Cli\\u003EVues\\u003C\\\/li\\u003E\\n\\u003Cli\\u003EMesures\\u003C\\\/li\\u003E\\n\\u003Cli\\u003EVid\u00e9o\\u003C\\\/li\\u003E\\n\\u003Cli\\u003ESondes\\u003C\\\/li\\u003E\\n\\u003Cli\\u003EDoppler\\u003C\\\/li\\u003E\\n\\u003Cli\\u003EMode B\\\/Mode TM\\u003C\\\/li\\u003E\\n\\u003C\\\/ul\\u003E\\n\\u003Cp\\u003EMusculosquelettique\\u003C\\\/p\\u003E\\n\\u003Cp\\u003EOculaire\\\/yeux\\u003C\\\/p\\u003E\\n\\u003Cul\\u003E\\n\\u003Cli\\u003EGuide de l\u2019\u00e9chographie oculaire\\u003C\\\/li\\u003E\\n\\u003C\\\/ul\\u003E\\n\\u003Cp\\u003EPOCUS\\u003C\\\/p\\u003E\\n\\u003Cul\\u003E\\n\\u003Cli\\u003EAbdominale\\u003C\\\/li\\u003E\\n\\u003Cli\\u003EThoracique\\u003C\\\/li\\u003E\\n\\u003C\\\/ul\\u003E\\n\\u003Cp\\u003EBiopsies guid\u00e9es par \u00e9chographie\\u003C\\\/p\\u003E\\n\\u003Cul\\u003E\\n\\u003Cli\\u003ER\u00e9alisation de biopsies guid\u00e9es aux \u00c9tats-Unis\\u003C\\\/li\\u003E\\n\\u003C\\\/ul\\u003E\\n\",\"dropdowns_item_link_label\":\"\",\"dropdowns_item_link_url\":\"\"}]'>\r\r\n        <\/accordion-dropdowns>\r\r\n    \r\n<\/div>\r\r\n","protected":false},"excerpt":{"rendered":"<p>Echographie des animaux de compagnie L\u2019\u00e9chographie joue un r\u00f4le essentiel dans la recherche et le diagnostic d\u2019une multitude de conditions affectant les chiens, les chats et d\u2019autres esp\u00e8ces. La polyvalence de l\u2019\u00e9chographie est consid\u00e9rable, de l\u2019examen des organes abdominaux aux structures musculosquelettiques, de m\u00eame son utilisation dans les examens \u00e9chographiques&hellip;<\/p>\n","protected":false},"author":4,"featured_media":0,"parent":0,"menu_order":98,"comment_status":"closed","ping_status":"closed","template":"","meta":{"_acf_changed":false,"content-type":"","ep_exclude_from_search":false,"footnotes":""},"class_list":["post-9637","page","type-page","status-publish","hentry"],"acf":[],"yoast_head":"<!-- This site is optimized with the Yoast SEO Premium plugin v26.0 (Yoast SEO v26.8) - https:\/\/yoast.com\/product\/yoast-seo-premium-wordpress\/ -->\n<title>Echographie des animaux de compagnie | IMV imaging<\/title>\n<meta name=\"description\" content=\"Echographie des animaux de compagnie. IMV imaging are the premier supplier of animal imaging equipment for veterinary use.\" \/>\n<meta name=\"robots\" content=\"index, follow, max-snippet:-1, max-image-preview:large, max-video-preview:-1\" \/>\n<link rel=\"canonical\" href=\"https:\/\/www.imv-imaging.com\/fr\/echographie-des-animaux-de-compagnie\/\" \/>\n<meta property=\"og:locale\" content=\"fr_FR\" \/>\n<meta property=\"og:type\" content=\"article\" \/>\n<meta property=\"og:title\" content=\"Echographie des animaux de compagnie\" \/>\n<meta property=\"og:description\" content=\"Echographie des animaux de compagnie. IMV imaging are the premier supplier of animal imaging equipment for veterinary use.\" \/>\n<meta property=\"og:url\" content=\"https:\/\/www.imv-imaging.com\/fr\/echographie-des-animaux-de-compagnie\/\" \/>\n<meta property=\"og:site_name\" content=\"IMV imaging\" \/>\n<meta property=\"article:publisher\" content=\"https:\/\/www.facebook.com\/imvimaging.northamerica\/\" \/>\n<meta property=\"article:modified_time\" content=\"2023-03-03T13:44:22+00:00\" \/>\n<meta property=\"og:image\" content=\"https:\/\/www.imv-imaging.com\/wp-content\/uploads\/2023\/01\/SA-Ultrasound_Pillar-Page-2-1024x683.jpg\" \/>\n<meta name=\"twitter:card\" content=\"summary_large_image\" \/>\n<meta name=\"twitter:site\" content=\"@IMVimaging\" \/>\n<meta name=\"twitter:label1\" content=\"Dur\u00e9e de lecture estim\u00e9e\" \/>\n\t<meta name=\"twitter:data1\" content=\"4 minutes\" \/>\n<script type=\"application\/ld+json\" class=\"yoast-schema-graph\">{\"@context\":\"https:\/\/schema.org\",\"@graph\":[{\"@type\":\"WebPage\",\"@id\":\"https:\/\/www.imv-imaging.com\/fr\/echographie-des-animaux-de-compagnie\/\",\"url\":\"https:\/\/www.imv-imaging.com\/fr\/echographie-des-animaux-de-compagnie\/\",\"name\":\"Echographie des animaux de compagnie | IMV imaging\",\"isPartOf\":{\"@id\":\"https:\/\/www.imv-imaging.com\/fr\/#website\"},\"primaryImageOfPage\":{\"@id\":\"https:\/\/www.imv-imaging.com\/fr\/echographie-des-animaux-de-compagnie\/#primaryimage\"},\"image\":{\"@id\":\"https:\/\/www.imv-imaging.com\/fr\/echographie-des-animaux-de-compagnie\/#primaryimage\"},\"thumbnailUrl\":\"https:\/\/www.imv-imaging.com\/wp-content\/uploads\/2023\/01\/SA-Ultrasound_Pillar-Page-2-1024x683.jpg\",\"datePublished\":\"2023-01-24T06:46:00+00:00\",\"dateModified\":\"2023-03-03T13:44:22+00:00\",\"description\":\"Echographie des animaux de compagnie. IMV imaging are the premier supplier of animal imaging equipment for veterinary use.\",\"breadcrumb\":{\"@id\":\"https:\/\/www.imv-imaging.com\/fr\/echographie-des-animaux-de-compagnie\/#breadcrumb\"},\"inLanguage\":\"fr-FR\",\"potentialAction\":[{\"@type\":\"ReadAction\",\"target\":[\"https:\/\/www.imv-imaging.com\/fr\/echographie-des-animaux-de-compagnie\/\"]}]},{\"@type\":\"ImageObject\",\"inLanguage\":\"fr-FR\",\"@id\":\"https:\/\/www.imv-imaging.com\/fr\/echographie-des-animaux-de-compagnie\/#primaryimage\",\"url\":\"https:\/\/www.imv-imaging.com\/wp-content\/uploads\/2023\/01\/SA-Ultrasound_Pillar-Page-2-1024x683.jpg\",\"contentUrl\":\"https:\/\/www.imv-imaging.com\/wp-content\/uploads\/2023\/01\/SA-Ultrasound_Pillar-Page-2-1024x683.jpg\"},{\"@type\":\"BreadcrumbList\",\"@id\":\"https:\/\/www.imv-imaging.com\/fr\/echographie-des-animaux-de-compagnie\/#breadcrumb\",\"itemListElement\":[{\"@type\":\"ListItem\",\"position\":1,\"name\":\"Accueil\",\"item\":\"https:\/\/www.imv-imaging.com\/fr\/\"},{\"@type\":\"ListItem\",\"position\":2,\"name\":\"Echographie des animaux de compagnie\"}]},{\"@type\":\"WebSite\",\"@id\":\"https:\/\/www.imv-imaging.com\/fr\/#website\",\"url\":\"https:\/\/www.imv-imaging.com\/fr\/\",\"name\":\"IMV Imaging\",\"description\":\"More than just imaging\",\"publisher\":{\"@id\":\"https:\/\/www.imv-imaging.com\/fr\/#organization\"},\"potentialAction\":[{\"@type\":\"SearchAction\",\"target\":{\"@type\":\"EntryPoint\",\"urlTemplate\":\"https:\/\/www.imv-imaging.com\/fr\/?s={search_term_string}\"},\"query-input\":{\"@type\":\"PropertyValueSpecification\",\"valueRequired\":true,\"valueName\":\"search_term_string\"}}],\"inLanguage\":\"fr-FR\"},{\"@type\":\"Organization\",\"@id\":\"https:\/\/www.imv-imaging.com\/fr\/#organization\",\"name\":\"IMV Imaging\",\"url\":\"https:\/\/www.imv-imaging.com\/fr\/\",\"logo\":{\"@type\":\"ImageObject\",\"inLanguage\":\"fr-FR\",\"@id\":\"https:\/\/www.imv-imaging.com\/fr\/#\/schema\/logo\/image\/\",\"url\":\"https:\/\/www.imv-imaging.com\/wp-content\/uploads\/2023\/01\/viewcloud-logo-large.jpg\",\"contentUrl\":\"https:\/\/www.imv-imaging.com\/wp-content\/uploads\/2023\/01\/viewcloud-logo-large.jpg\",\"width\":770,\"height\":400,\"caption\":\"IMV Imaging\"},\"image\":{\"@id\":\"https:\/\/www.imv-imaging.com\/fr\/#\/schema\/logo\/image\/\"},\"sameAs\":[\"https:\/\/www.facebook.com\/imvimaging.northamerica\/\",\"https:\/\/x.com\/IMVimaging\",\"https:\/\/www.linkedin.com\/company\/imv-imaging\/\",\"https:\/\/www.youtube.com\/channel\/UCM294Ky6760YOaPsiuS2-Dg\",\"https:\/\/www.instagram.com\/imv.imaging\/\"]}]}<\/script>\n<!-- \/ Yoast SEO Premium plugin. -->","yoast_head_json":{"title":"Echographie des animaux de compagnie | IMV imaging","description":"Echographie des animaux de compagnie. IMV imaging are the premier supplier of animal imaging equipment for veterinary use.","robots":{"index":"index","follow":"follow","max-snippet":"max-snippet:-1","max-image-preview":"max-image-preview:large","max-video-preview":"max-video-preview:-1"},"canonical":"https:\/\/www.imv-imaging.com\/fr\/echographie-des-animaux-de-compagnie\/","og_locale":"fr_FR","og_type":"article","og_title":"Echographie des animaux de compagnie","og_description":"Echographie des animaux de compagnie. IMV imaging are the premier supplier of animal imaging equipment for veterinary use.","og_url":"https:\/\/www.imv-imaging.com\/fr\/echographie-des-animaux-de-compagnie\/","og_site_name":"IMV imaging","article_publisher":"https:\/\/www.facebook.com\/imvimaging.northamerica\/","article_modified_time":"2023-03-03T13:44:22+00:00","og_image":[{"url":"https:\/\/www.imv-imaging.com\/wp-content\/uploads\/2023\/01\/SA-Ultrasound_Pillar-Page-2-1024x683.jpg","type":"","width":"","height":""}],"twitter_card":"summary_large_image","twitter_site":"@IMVimaging","twitter_misc":{"Dur\u00e9e de lecture estim\u00e9e":"4 minutes"},"schema":{"@context":"https:\/\/schema.org","@graph":[{"@type":"WebPage","@id":"https:\/\/www.imv-imaging.com\/fr\/echographie-des-animaux-de-compagnie\/","url":"https:\/\/www.imv-imaging.com\/fr\/echographie-des-animaux-de-compagnie\/","name":"Echographie des animaux de compagnie | IMV imaging","isPartOf":{"@id":"https:\/\/www.imv-imaging.com\/fr\/#website"},"primaryImageOfPage":{"@id":"https:\/\/www.imv-imaging.com\/fr\/echographie-des-animaux-de-compagnie\/#primaryimage"},"image":{"@id":"https:\/\/www.imv-imaging.com\/fr\/echographie-des-animaux-de-compagnie\/#primaryimage"},"thumbnailUrl":"https:\/\/www.imv-imaging.com\/wp-content\/uploads\/2023\/01\/SA-Ultrasound_Pillar-Page-2-1024x683.jpg","datePublished":"2023-01-24T06:46:00+00:00","dateModified":"2023-03-03T13:44:22+00:00","description":"Echographie des animaux de compagnie. IMV imaging are the premier supplier of animal imaging equipment for veterinary use.","breadcrumb":{"@id":"https:\/\/www.imv-imaging.com\/fr\/echographie-des-animaux-de-compagnie\/#breadcrumb"},"inLanguage":"fr-FR","potentialAction":[{"@type":"ReadAction","target":["https:\/\/www.imv-imaging.com\/fr\/echographie-des-animaux-de-compagnie\/"]}]},{"@type":"ImageObject","inLanguage":"fr-FR","@id":"https:\/\/www.imv-imaging.com\/fr\/echographie-des-animaux-de-compagnie\/#primaryimage","url":"https:\/\/www.imv-imaging.com\/wp-content\/uploads\/2023\/01\/SA-Ultrasound_Pillar-Page-2-1024x683.jpg","contentUrl":"https:\/\/www.imv-imaging.com\/wp-content\/uploads\/2023\/01\/SA-Ultrasound_Pillar-Page-2-1024x683.jpg"},{"@type":"BreadcrumbList","@id":"https:\/\/www.imv-imaging.com\/fr\/echographie-des-animaux-de-compagnie\/#breadcrumb","itemListElement":[{"@type":"ListItem","position":1,"name":"Accueil","item":"https:\/\/www.imv-imaging.com\/fr\/"},{"@type":"ListItem","position":2,"name":"Echographie des animaux de compagnie"}]},{"@type":"WebSite","@id":"https:\/\/www.imv-imaging.com\/fr\/#website","url":"https:\/\/www.imv-imaging.com\/fr\/","name":"IMV Imaging","description":"More than just imaging","publisher":{"@id":"https:\/\/www.imv-imaging.com\/fr\/#organization"},"potentialAction":[{"@type":"SearchAction","target":{"@type":"EntryPoint","urlTemplate":"https:\/\/www.imv-imaging.com\/fr\/?s={search_term_string}"},"query-input":{"@type":"PropertyValueSpecification","valueRequired":true,"valueName":"search_term_string"}}],"inLanguage":"fr-FR"},{"@type":"Organization","@id":"https:\/\/www.imv-imaging.com\/fr\/#organization","name":"IMV Imaging","url":"https:\/\/www.imv-imaging.com\/fr\/","logo":{"@type":"ImageObject","inLanguage":"fr-FR","@id":"https:\/\/www.imv-imaging.com\/fr\/#\/schema\/logo\/image\/","url":"https:\/\/www.imv-imaging.com\/wp-content\/uploads\/2023\/01\/viewcloud-logo-large.jpg","contentUrl":"https:\/\/www.imv-imaging.com\/wp-content\/uploads\/2023\/01\/viewcloud-logo-large.jpg","width":770,"height":400,"caption":"IMV Imaging"},"image":{"@id":"https:\/\/www.imv-imaging.com\/fr\/#\/schema\/logo\/image\/"},"sameAs":["https:\/\/www.facebook.com\/imvimaging.northamerica\/","https:\/\/x.com\/IMVimaging","https:\/\/www.linkedin.com\/company\/imv-imaging\/","https:\/\/www.youtube.com\/channel\/UCM294Ky6760YOaPsiuS2-Dg","https:\/\/www.instagram.com\/imv.imaging\/"]}]}},"_links":{"self":[{"href":"https:\/\/www.imv-imaging.com\/fr\/wp-json\/wp\/v2\/pages\/9637","targetHints":{"allow":["GET"]}}],"collection":[{"href":"https:\/\/www.imv-imaging.com\/fr\/wp-json\/wp\/v2\/pages"}],"about":[{"href":"https:\/\/www.imv-imaging.com\/fr\/wp-json\/wp\/v2\/types\/page"}],"author":[{"embeddable":true,"href":"https:\/\/www.imv-imaging.com\/fr\/wp-json\/wp\/v2\/users\/4"}],"replies":[{"embeddable":true,"href":"https:\/\/www.imv-imaging.com\/fr\/wp-json\/wp\/v2\/comments?post=9637"}],"version-history":[{"count":0,"href":"https:\/\/www.imv-imaging.com\/fr\/wp-json\/wp\/v2\/pages\/9637\/revisions"}],"wp:attachment":[{"href":"https:\/\/www.imv-imaging.com\/fr\/wp-json\/wp\/v2\/media?parent=9637"}],"curies":[{"name":"wp","href":"https:\/\/api.w.org\/{rel}","templated":true}]}}