{"id":9780,"date":"2023-01-24T12:52:40","date_gmt":"2023-01-24T12:52:40","guid":{"rendered":"https:\/\/www.imv-imaging.com\/product\/ecran-tactile\/"},"modified":"2024-09-06T11:39:35","modified_gmt":"2024-09-06T11:39:35","slug":"ecran-tactile","status":"publish","type":"product","link":"https:\/\/www.imv-imaging.com\/fr\/produit\/ecran-tactile\/","title":{"rendered":"Ecran tactile"},"content":{"rendered":"<p>Gr\u00e2ce \u00e0 cet \u00e9cran tactile, vous pourrez d\u00e9sormais effectuer des mesures et des calculs chez diff\u00e9rentes esp\u00e8ces animales, telles que les bovins, \u00e9quins, ovins et porcins.<\/p>\n","protected":false},"excerpt":{"rendered":"<p>Gr\u00e2ce \u00e0 cet \u00e9cran tactile, vous pourrez d\u00e9sormais effectuer des mesures et des calculs chez diff\u00e9rentes esp\u00e8ces animales, telles que les bovins, \u00e9quins, ovins et porcins.<\/p>\n","protected":false},"featured_media":9765,"template":"","meta":{"_acf_changed":false,"content-type":"","ep_exclude_from_search":false},"product_brand":[],"product_cat":[320],"species":[],"clinical-application":[],"application-level":[],"product_specification_labels":[],"class_list":{"0":"post-9780","1":"product","2":"type-product","3":"status-publish","4":"has-post-thumbnail","6":"product_cat-options-daffichage","8":"first","9":"instock","10":"taxable","11":"shipping-taxable","12":"purchasable","13":"product-type-simple"},"acf":[],"yoast_head":"<!-- This site is optimized with the Yoast SEO Premium plugin v26.0 (Yoast SEO v26.8) - https:\/\/yoast.com\/product\/yoast-seo-premium-wordpress\/ -->\n<title>IMV imaging<\/title>\n<meta name=\"robots\" content=\"index, follow, max-snippet:-1, max-image-preview:large, max-video-preview:-1\" \/>\n<link rel=\"canonical\" href=\"\/\" \/>\n<meta property=\"og:locale\" content=\"fr_FR\" \/>\n<meta property=\"og:type\" content=\"article\" \/>\n<meta property=\"og:site_name\" content=\"IMV imaging\" \/>\n<meta property=\"og:image\" content=\"https:\/\/www.imv-imaging.com\/wp-content\/uploads\/2023\/01\/viewcloud-logo-large.jpg\" \/>\n\t<meta property=\"og:image:width\" content=\"770\" \/>\n\t<meta property=\"og:image:height\" content=\"400\" \/>\n\t<meta property=\"og:image:type\" content=\"image\/jpeg\" \/>\n<meta name=\"twitter:card\" content=\"summary_large_image\" \/>\n<meta name=\"twitter:site\" content=\"@IMVimaging\" \/>\n<script type=\"application\/ld+json\" class=\"yoast-schema-graph\">{\"@context\":\"https:\/\/schema.org\",\"@graph\":[{\"@type\":\"CollectionPage\",\"@id\":null,\"url\":\"\",\"name\":\"\",\"isPartOf\":{\"@id\":\"https:\/\/www.imv-imaging.com\/fr\/#website\"},\"inLanguage\":\"fr-FR\"},{\"@type\":\"WebSite\",\"@id\":\"https:\/\/www.imv-imaging.com\/fr\/#website\",\"url\":\"https:\/\/www.imv-imaging.com\/fr\/\",\"name\":\"IMV Imaging\",\"description\":\"More than just imaging\",\"publisher\":{\"@id\":\"https:\/\/www.imv-imaging.com\/fr\/#organization\"},\"potentialAction\":[{\"@type\":\"SearchAction\",\"target\":{\"@type\":\"EntryPoint\",\"urlTemplate\":\"https:\/\/www.imv-imaging.com\/fr\/?s={search_term_string}\"},\"query-input\":{\"@type\":\"PropertyValueSpecification\",\"valueRequired\":true,\"valueName\":\"search_term_string\"}}],\"inLanguage\":\"fr-FR\"},{\"@type\":\"Organization\",\"@id\":\"https:\/\/www.imv-imaging.com\/fr\/#organization\",\"name\":\"IMV Imaging\",\"url\":\"https:\/\/www.imv-imaging.com\/fr\/\",\"logo\":{\"@type\":\"ImageObject\",\"inLanguage\":\"fr-FR\",\"@id\":\"https:\/\/www.imv-imaging.com\/fr\/#\/schema\/logo\/image\/\",\"url\":\"https:\/\/www.imv-imaging.com\/wp-content\/uploads\/2023\/01\/viewcloud-logo-large.jpg\",\"contentUrl\":\"https:\/\/www.imv-imaging.com\/wp-content\/uploads\/2023\/01\/viewcloud-logo-large.jpg\",\"width\":770,\"height\":400,\"caption\":\"IMV Imaging\"},\"image\":{\"@id\":\"https:\/\/www.imv-imaging.com\/fr\/#\/schema\/logo\/image\/\"},\"sameAs\":[\"https:\/\/www.facebook.com\/imvimaging.northamerica\/\",\"https:\/\/x.com\/IMVimaging\",\"https:\/\/www.linkedin.com\/company\/imv-imaging\/\",\"https:\/\/www.youtube.com\/channel\/UCM294Ky6760YOaPsiuS2-Dg\",\"https:\/\/www.instagram.com\/imv.imaging\/\"]}]}<\/script>\n<!-- \/ Yoast SEO Premium plugin. -->","yoast_head_json":{"title":"IMV imaging","robots":{"index":"index","follow":"follow","max-snippet":"max-snippet:-1","max-image-preview":"max-image-preview:large","max-video-preview":"max-video-preview:-1"},"canonical":"\/","og_locale":"fr_FR","og_type":"article","og_site_name":"IMV imaging","og_image":[{"width":770,"height":400,"url":"https:\/\/www.imv-imaging.com\/wp-content\/uploads\/2023\/01\/viewcloud-logo-large.jpg","type":"image\/jpeg"}],"twitter_card":"summary_large_image","twitter_site":"@IMVimaging","schema":{"@context":"https:\/\/schema.org","@graph":[{"@type":"CollectionPage","@id":null,"url":"","name":"","isPartOf":{"@id":"https:\/\/www.imv-imaging.com\/fr\/#website"},"inLanguage":"fr-FR"},{"@type":"WebSite","@id":"https:\/\/www.imv-imaging.com\/fr\/#website","url":"https:\/\/www.imv-imaging.com\/fr\/","name":"IMV Imaging","description":"More than just imaging","publisher":{"@id":"https:\/\/www.imv-imaging.com\/fr\/#organization"},"potentialAction":[{"@type":"SearchAction","target":{"@type":"EntryPoint","urlTemplate":"https:\/\/www.imv-imaging.com\/fr\/?s={search_term_string}"},"query-input":{"@type":"PropertyValueSpecification","valueRequired":true,"valueName":"search_term_string"}}],"inLanguage":"fr-FR"},{"@type":"Organization","@id":"https:\/\/www.imv-imaging.com\/fr\/#organization","name":"IMV Imaging","url":"https:\/\/www.imv-imaging.com\/fr\/","logo":{"@type":"ImageObject","inLanguage":"fr-FR","@id":"https:\/\/www.imv-imaging.com\/fr\/#\/schema\/logo\/image\/","url":"https:\/\/www.imv-imaging.com\/wp-content\/uploads\/2023\/01\/viewcloud-logo-large.jpg","contentUrl":"https:\/\/www.imv-imaging.com\/wp-content\/uploads\/2023\/01\/viewcloud-logo-large.jpg","width":770,"height":400,"caption":"IMV Imaging"},"image":{"@id":"https:\/\/www.imv-imaging.com\/fr\/#\/schema\/logo\/image\/"},"sameAs":["https:\/\/www.facebook.com\/imvimaging.northamerica\/","https:\/\/x.com\/IMVimaging","https:\/\/www.linkedin.com\/company\/imv-imaging\/","https:\/\/www.youtube.com\/channel\/UCM294Ky6760YOaPsiuS2-Dg","https:\/\/www.instagram.com\/imv.imaging\/"]}]}},"_links":{"self":[{"href":"https:\/\/www.imv-imaging.com\/fr\/wp-json\/wp\/v2\/product\/9780"}],"collection":[{"href":"https:\/\/www.imv-imaging.com\/fr\/wp-json\/wp\/v2\/product"}],"about":[{"href":"https:\/\/www.imv-imaging.com\/fr\/wp-json\/wp\/v2\/types\/product"}],"wp:featuredmedia":[{"embeddable":true,"href":"https:\/\/www.imv-imaging.com\/fr\/wp-json\/wp\/v2\/media\/9765"}],"wp:attachment":[{"href":"https:\/\/www.imv-imaging.com\/fr\/wp-json\/wp\/v2\/media?parent=9780"}],"wp:term":[{"taxonomy":"product_brand","embeddable":true,"href":"https:\/\/www.imv-imaging.com\/fr\/wp-json\/wp\/v2\/product_brand?post=9780"},{"taxonomy":"product_cat","embeddable":true,"href":"https:\/\/www.imv-imaging.com\/fr\/wp-json\/wp\/v2\/product_cat?post=9780"},{"taxonomy":"species","embeddable":true,"href":"https:\/\/www.imv-imaging.com\/fr\/wp-json\/wp\/v2\/species?post=9780"},{"taxonomy":"clinical-application","embeddable":true,"href":"https:\/\/www.imv-imaging.com\/fr\/wp-json\/wp\/v2\/clinical-application?post=9780"},{"taxonomy":"application-level","embeddable":true,"href":"https:\/\/www.imv-imaging.com\/fr\/wp-json\/wp\/v2\/application-level?post=9780"},{"taxonomy":"product_specification_labels","embeddable":true,"href":"https:\/\/www.imv-imaging.com\/fr\/wp-json\/wp\/v2\/product_specification_labels?post=9780"}],"curies":[{"name":"wp","href":"https:\/\/api.w.org\/{rel}","templated":true}]}}